{"id":25438,"date":"2017-01-06T06:13:34","date_gmt":"2017-01-06T06:13:34","guid":{"rendered":"https:\/\/adrianroche.co.jp\/es\/thank-you\/"},"modified":"2022-01-27T02:29:56","modified_gmt":"2022-01-27T02:29:56","slug":"thank-you","status":"publish","type":"page","link":"https:\/\/roche-net.com\/es\/thank-you\/","title":{"rendered":"Thank you"},"content":{"rendered":"<p>[vc_row full_width=&#8221;stretch_row&#8221; full_height=&#8221;yes&#8221; content_placement=&#8221;middle&#8221; bg_type=&#8221;image&#8221; bg_image_new=&#8221;25019&#8243; bg_image_repeat=&#8221;no-repeat&#8221; enable_overlay=&#8221;off&#8221; css=&#8221;.vc_custom_1641182403234{padding-top: 20px !important;padding-bottom: 20px !important;}&#8221;][vc_column width=&#8221;1\/2&#8243; css=&#8221;.vc_custom_1478325437481{padding-top: 0px !important;}&#8221;]<h3 class=\"boc_heading no_text_transform boc_animate_when_almost_visible boc_fade-in\"  style=\"margin-bottom: 20px;margin-top: 0px;color: #ffffff;font-size: 26pt;\"><span>\u00a1Gracias por contactarnos!<\/span><\/h3>[vc_column_text el_class=&#8221;white-text&#8221;]<\/p>\n<p style=\"text-align: left;\">Contestaremos a tu correo electr\u00f3nico en breve.<\/p>\n<p style=\"text-align: left;\">Recibir\u00e1s una respuesta autom\u00e1tica para confirmar tu consulta. En caso de que no recibas nuestro correo electr\u00f3nico o necesites asistencia urgente, por favor ll\u00e1manos al:<\/p>\n<p><strong>Tel: +34 93 144 4818<\/strong><br \/>\n<strong>m\u00f3v: +34 644 731 111<\/strong>[\/vc_column_text][\/vc_column][vc_column width=&#8221;1\/2&#8243;][\/vc_column][\/vc_row]<\/p>\n","protected":false},"excerpt":{"rendered":"<p>[vc_row full_width=&#8221;stretch_row&#8221; full_height=&#8221;yes&#8221; content_placement=&#8221;middle&#8221; bg_type=&#8221;image&#8221; bg_image_new=&#8221;25019&#8243; bg_image_repeat=&#8221;no-repeat&#8221; enable_overlay=&#8221;off&#8221; css=&#8221;.vc_custom_1641182403234{padding-top: 20px !important;padding-bottom: 20px<\/p>\n<div class=\"h10\"><\/div>\n<p><a class=\"more-link2 flat\" href=\"https:\/\/roche-net.com\/es\/thank-you\/\">Read more<\/a><\/p>\n","protected":false},"author":1,"featured_media":0,"parent":0,"menu_order":0,"comment_status":"open","ping_status":"open","template":"","meta":{"footnotes":""},"class_list":["post-25438","page","type-page","status-publish","hentry"],"_links":{"self":[{"href":"https:\/\/roche-net.com\/es\/wp-json\/wp\/v2\/pages\/25438","targetHints":{"allow":["GET"]}}],"collection":[{"href":"https:\/\/roche-net.com\/es\/wp-json\/wp\/v2\/pages"}],"about":[{"href":"https:\/\/roche-net.com\/es\/wp-json\/wp\/v2\/types\/page"}],"author":[{"embeddable":true,"href":"https:\/\/roche-net.com\/es\/wp-json\/wp\/v2\/users\/1"}],"replies":[{"embeddable":true,"href":"https:\/\/roche-net.com\/es\/wp-json\/wp\/v2\/comments?post=25438"}],"version-history":[{"count":3,"href":"https:\/\/roche-net.com\/es\/wp-json\/wp\/v2\/pages\/25438\/revisions"}],"predecessor-version":[{"id":25444,"href":"https:\/\/roche-net.com\/es\/wp-json\/wp\/v2\/pages\/25438\/revisions\/25444"}],"wp:attachment":[{"href":"https:\/\/roche-net.com\/es\/wp-json\/wp\/v2\/media?parent=25438"}],"curies":[{"name":"wp","href":"https:\/\/api.w.org\/{rel}","templated":true}]}}