{"id":25253,"date":"2021-11-08T10:25:58","date_gmt":"2021-11-08T10:25:58","guid":{"rendered":"https:\/\/roche-net.com\/es\/market-entry\/"},"modified":"2024-02-05T08:28:36","modified_gmt":"2024-02-05T08:28:36","slug":"entrada-al-mercado","status":"publish","type":"page","link":"https:\/\/roche-net.com\/es\/entrada-al-mercado\/","title":{"rendered":"Entrada al mercado"},"content":{"rendered":"<p>[vc_row full_width=&#8221;stretch_row&#8221; full_height=&#8221;yes&#8221; equal_height=&#8221;yes&#8221; content_placement=&#8221;middle&#8221; parallax_content=&#8221;off&#8221; fadeout_row=&#8221;off&#8221; enable_overlay=&#8221;off&#8221; css=&#8221;.vc_custom_1636366863174{background-image: url(\/wp-content\/uploads\/2021\/11\/market-entry-bg.jpg?id=25214) !important;}&#8221; el_id=&#8221;internal-header&#8221;][vc_column width=&#8221;1\/2&#8243; css=&#8221;.vc_custom_1478325765187{padding-top: 0px !important;}&#8221;]<h1 class=\"boc_heading no_text_transform hero_heading boc_animate_when_almost_visible boc_fade-in\"  style=\"margin-bottom: 20px;margin-top: 0px;color: #ffffff;\"><span>Entrada al mercado transfronterizo<\/span><\/h1>[vc_column_text el_class=&#8221;white-text&#8221;]<\/p>\n<p style=\"text-align: left; padding-left: 30px;\">Expansi\u00f3n transfronteriza r\u00e1pida, f\u00e1cil y rentable<\/p>\n<p>[\/vc_column_text][\/vc_column][vc_column width=&#8221;1\/2&#8243;][\/vc_column][\/vc_row][vc_row full_width=&#8221;stretch_row&#8221; css=&#8221;.vc_custom_1636366906517{margin-bottom: 0px !important;padding-top: 20px !important;padding-bottom: 70px !important;background-image: url(\/wp-content\/uploads\/2021\/11\/market-entry-text-bg.jpg?id=25215) !important;background-position: center !important;background-repeat: no-repeat !important;background-size: cover !important;}&#8221;][vc_column offset=&#8221;vc_col-lg-offset-1 vc_col-lg-10 vc_col-md-offset-1 vc_col-md-10&#8243;][vc_column_text]<\/p>\n<p style=\"text-align: center;\"><span style=\"color: #ffffff;\">Adrian Roche facilita la entrada a Asia, Europa, Reino Unido y Estados Unidos. Con presencia en cada uno de estos mercados clave, hacemos posible a nuestros clientes su expansi\u00f3n a otros pa\u00edses donde operamos. Ayudamos a las empresas a crear, establecer y comercializar productos y servicios desde cero, con gran presencia local y\/o offline. M\u00e1s importante a\u00fan, lo hacemos de una manera transcreacional, dando soluci\u00f3n a las necesidades de las empresas para que tengan \u00e9xito en cada mercado y cultura.<\/span><\/p>\n<p>[\/vc_column_text][\/vc_column][\/vc_row][vc_row full_width=&#8221;stretch_row&#8221; css=&#8221;.vc_custom_1636183914723{margin-bottom: 0px !important;padding-top: 20px !important;padding-bottom: 20px !important;}&#8221;][vc_column][vc_row_inner][vc_column_inner width=&#8221;1\/2&#8243;]\t<div class=\"image_featured_text \">\r\n\t\t\t\t\t\t<img decoding=\"async\" width=\"99\" height=\"100\" src=\"https:\/\/roche-net.com\/wp-content\/uploads\/2021\/11\/planning.png\" class=\"attachment-full size-full\" alt=\"\" \/>\r\n\t\t\t\t\t\t<div class=\"text\">\r\n\t\t\t\t\t\t\t<h3>Viabilidad de negocio y compliance<\/h3>Como primer paso y antes de que se comprometan inversiones importantes, estudiamos la viabilidad de los productos y servicios en el mercado objetivo para determinar si existe la base de la innovaci\u00f3n y el \u00e9xito necesarios.<\/div>\r\n\t\t\t\t\t\t\r\n\t\t\t\t\t<\/div> \r\n\t\t\t<script type=\"text\/javascript\">\r\n\t\t\t\tjQuery(document).ready(function($) {\t\t\t\t\r\n\t\t\t\t\tif(typeof side_img_last_row_set === \"undefined\") {\r\n\t\t\t\r\n\t\t\t\t\t\t\/\/ Add class \"last\" to left_img_box section to remove borders.\r\n\t\t\t\t\t\t$(\".section .row_img_featured_texts_border\").last().addClass( \"last\" );\r\n\t\t\t\t\t\tside_img_last_row_set = true;\r\n\t\t\t\t\t}\r\n\t\t\t\t});\t\t\t\r\n\t\t\t<\/script>[\/vc_column_inner][vc_column_inner width=&#8221;1\/2&#8243;]\t<div class=\"image_featured_text \">\r\n\t\t\t\t\t\t<img decoding=\"async\" width=\"99\" height=\"100\" src=\"https:\/\/roche-net.com\/wp-content\/uploads\/2021\/11\/handshake.png\" class=\"attachment-full size-full\" alt=\"\" \/>\r\n\t\t\t\t\t\t<div class=\"text\">\r\n\t\t\t\t\t\t\t<h3>Incorporaci\u00f3n de la compa\u00f1\u00eda<\/h3>Hacemos posible que las empresas tengan presencia local en nuestros pa\u00edses de especializaci\u00f3n. Esto puede significar ser directores o accionistas locales bajo el marco regulatorio del pa\u00eds objetivo, cuando el negocio que entra al mercado lo requiere. A partir de ah\u00ed, ejercemos como directores activos que asesoran y hacen avanzar el negocio.<\/div>\r\n\t\t\t\t\t\t\r\n\t\t\t\t\t<\/div> \r\n\t\t\t<script type=\"text\/javascript\">\r\n\t\t\t\tjQuery(document).ready(function($) {\t\t\t\t\r\n\t\t\t\t\tif(typeof side_img_last_row_set === \"undefined\") {\r\n\t\t\t\r\n\t\t\t\t\t\t\/\/ Add class \"last\" to left_img_box section to remove borders.\r\n\t\t\t\t\t\t$(\".section .row_img_featured_texts_border\").last().addClass( \"last\" );\r\n\t\t\t\t\t\tside_img_last_row_set = true;\r\n\t\t\t\t\t}\r\n\t\t\t\t});\t\t\t\r\n\t\t\t<\/script>[\/vc_column_inner][\/vc_row_inner][vc_row_inner][vc_column_inner width=&#8221;1\/2&#8243;]\t<div class=\"image_featured_text \">\r\n\t\t\t\t\t\t<img decoding=\"async\" width=\"99\" height=\"100\" src=\"https:\/\/roche-net.com\/wp-content\/uploads\/2021\/11\/compliance.png\" class=\"attachment-full size-full\" alt=\"\" \/>\r\n\t\t\t\t\t\t<div class=\"text\">\r\n\t\t\t\t\t\t\t<h3>Aprobaci\u00f3n y cumplimiento normativo<\/h3>Una vez que sabemos que existe viabilidad para entrar al mercado, nos aseguramos de que los productos y servicios sean atractivos para el mismo y est\u00e9n aprobados por el pa\u00eds de destino para su comercializaci\u00f3n.<\/div>\r\n\t\t\t\t\t\t\r\n\t\t\t\t\t<\/div> \r\n\t\t\t<script type=\"text\/javascript\">\r\n\t\t\t\tjQuery(document).ready(function($) {\t\t\t\t\r\n\t\t\t\t\tif(typeof side_img_last_row_set === \"undefined\") {\r\n\t\t\t\r\n\t\t\t\t\t\t\/\/ Add class \"last\" to left_img_box section to remove borders.\r\n\t\t\t\t\t\t$(\".section .row_img_featured_texts_border\").last().addClass( \"last\" );\r\n\t\t\t\t\t\tside_img_last_row_set = true;\r\n\t\t\t\t\t}\r\n\t\t\t\t});\t\t\t\r\n\t\t\t<\/script>[\/vc_column_inner][vc_column_inner width=&#8221;1\/2&#8243;]\t<div class=\"image_featured_text \">\r\n\t\t\t\t\t\t<img loading=\"lazy\" decoding=\"async\" width=\"99\" height=\"100\" src=\"https:\/\/roche-net.com\/wp-content\/uploads\/2021\/11\/local-represent.png\" class=\"attachment-full size-full\" alt=\"\" \/>\r\n\t\t\t\t\t\t<div class=\"text\">\r\n\t\t\t\t\t\t\t<h3>Representaci\u00f3n local<\/h3>Desde el primer d\u00eda, el negocio contar\u00e1 con presencia local con una direcci\u00f3n comercial, un n\u00famero de tel\u00e9fono y un delegado temporal para hacer que la primera impresi\u00f3n sea la mejor posible.<\/div>\r\n\t\t\t\t\t\t\r\n\t\t\t\t\t<\/div> \r\n\t\t\t<script type=\"text\/javascript\">\r\n\t\t\t\tjQuery(document).ready(function($) {\t\t\t\t\r\n\t\t\t\t\tif(typeof side_img_last_row_set === \"undefined\") {\r\n\t\t\t\r\n\t\t\t\t\t\t\/\/ Add class \"last\" to left_img_box section to remove borders.\r\n\t\t\t\t\t\t$(\".section .row_img_featured_texts_border\").last().addClass( \"last\" );\r\n\t\t\t\t\t\tside_img_last_row_set = true;\r\n\t\t\t\t\t}\r\n\t\t\t\t});\t\t\t\r\n\t\t\t<\/script>[\/vc_column_inner][\/vc_row_inner][vc_row_inner][vc_column_inner width=&#8221;1\/2&#8243;]\t<div class=\"image_featured_text \">\r\n\t\t\t\t\t\t<img loading=\"lazy\" decoding=\"async\" width=\"99\" height=\"100\" src=\"https:\/\/roche-net.com\/wp-content\/uploads\/2021\/11\/accounting.png\" class=\"attachment-full size-full\" alt=\"\" \/>\r\n\t\t\t\t\t\t<div class=\"text\">\r\n\t\t\t\t\t\t\t<h3>Contabilidad<\/h3>A la vez que priorizamos las funciones comerciales, asignamos una asesor\u00eda de contabilidad local que gestiona el negocio desde el inicio, para que tanto la documentaci\u00f3n como los impuestos est\u00e9n en regla en el pa\u00eds donde desarrollar\u00e1 la actividad.<\/div>\r\n\t\t\t\t\t\t\r\n\t\t\t\t\t<\/div> \r\n\t\t\t<script type=\"text\/javascript\">\r\n\t\t\t\tjQuery(document).ready(function($) {\t\t\t\t\r\n\t\t\t\t\tif(typeof side_img_last_row_set === \"undefined\") {\r\n\t\t\t\r\n\t\t\t\t\t\t\/\/ Add class \"last\" to left_img_box section to remove borders.\r\n\t\t\t\t\t\t$(\".section .row_img_featured_texts_border\").last().addClass( \"last\" );\r\n\t\t\t\t\t\tside_img_last_row_set = true;\r\n\t\t\t\t\t}\r\n\t\t\t\t});\t\t\t\r\n\t\t\t<\/script>[\/vc_column_inner][vc_column_inner width=&#8221;1\/2&#8243;]\t<div class=\"image_featured_text \">\r\n\t\t\t\t\t\t<img loading=\"lazy\" decoding=\"async\" width=\"99\" height=\"100\" src=\"https:\/\/roche-net.com\/wp-content\/uploads\/2021\/11\/staffing.png\" class=\"attachment-full size-full\" alt=\"\" \/>\r\n\t\t\t\t\t\t<div class=\"text\">\r\n\t\t\t\t\t\t\t<h3>Personal<\/h3>A medida que el negocio va creciendo, contratamos a las personas adecuadas bajo nuestra supervisi\u00f3n y orientaci\u00f3n, poniendo el foco en los puestos de trabajo m\u00e1s necesarios. Proporcionamos el personal clave para el inicio de la actividad y recomendamos trabajadores a tiempo completo para el crecimiento a largo plazo.<\/div>\r\n\t\t\t\t\t\t\r\n\t\t\t\t\t<\/div> \r\n\t\t\t<script type=\"text\/javascript\">\r\n\t\t\t\tjQuery(document).ready(function($) {\t\t\t\t\r\n\t\t\t\t\tif(typeof side_img_last_row_set === \"undefined\") {\r\n\t\t\t\r\n\t\t\t\t\t\t\/\/ Add class \"last\" to left_img_box section to remove borders.\r\n\t\t\t\t\t\t$(\".section .row_img_featured_texts_border\").last().addClass( \"last\" );\r\n\t\t\t\t\t\tside_img_last_row_set = true;\r\n\t\t\t\t\t}\r\n\t\t\t\t});\t\t\t\r\n\t\t\t<\/script>[\/vc_column_inner][\/vc_row_inner][vc_row_inner][vc_column_inner width=&#8221;1\/2&#8243;]\t<div class=\"image_featured_text \">\r\n\t\t\t\t\t\t<img loading=\"lazy\" decoding=\"async\" width=\"99\" height=\"100\" src=\"https:\/\/roche-net.com\/wp-content\/uploads\/2021\/11\/supplychain.png\" class=\"attachment-full size-full\" alt=\"\" \/>\r\n\t\t\t\t\t\t<div class=\"text\">\r\n\t\t\t\t\t\t\t<h3>Cadena de suministro, almacenamiento y log\u00edstica<\/h3>Desde encontrar los proveedores adecuados a nivel local y\/o en otros pa\u00edses donde tenemos experiencia, hasta almacenar productos y prepararlos para su venta online y en tienda f\u00edsica, contamos con los expertos adecuados en nuestro equipo para entregar los productos a los clientes.<\/div>\r\n\t\t\t\t\t\t\r\n\t\t\t\t\t<\/div> \r\n\t\t\t<script type=\"text\/javascript\">\r\n\t\t\t\tjQuery(document).ready(function($) {\t\t\t\t\r\n\t\t\t\t\tif(typeof side_img_last_row_set === \"undefined\") {\r\n\t\t\t\r\n\t\t\t\t\t\t\/\/ Add class \"last\" to left_img_box section to remove borders.\r\n\t\t\t\t\t\t$(\".section .row_img_featured_texts_border\").last().addClass( \"last\" );\r\n\t\t\t\t\t\tside_img_last_row_set = true;\r\n\t\t\t\t\t}\r\n\t\t\t\t});\t\t\t\r\n\t\t\t<\/script>[\/vc_column_inner][vc_column_inner width=&#8221;1\/2&#8243;][\/vc_column_inner][\/vc_row_inner][\/vc_column][\/vc_row][vc_row full_width=&#8221;stretch_row&#8221; equal_height=&#8221;yes&#8221; content_placement=&#8221;middle&#8221; parallax=&#8221;content-moving-fade&#8221; bg_type=&#8221;image&#8221; bg_image_new=&#8221;25222&#8243; bg_image_repeat=&#8221;no-repeat&#8221; bg_image_posiiton=&#8221;100%&#8221; el_class=&#8221;no_text_transform applied-science4&#8243;][vc_column width=&#8221;6\/12&#8243; offset=&#8221;vc_hidden-sm vc_hidden-xs&#8221;]<div class=\"boc_spacing \" style=\"height: 280px\"><\/div>[\/vc_column][vc_column width=&#8221;1\/12&#8243; css=&#8221;.vc_custom_1616520461560{padding-top: 50px !important;padding-right: 50px !important;padding-bottom: 50px !important;padding-left: 50px !important;}&#8221; offset=&#8221;vc_hidden-sm vc_hidden-xs&#8221;][\/vc_column][vc_column width=&#8221;5\/12&#8243; css=&#8221;.vc_custom_1636325868141{padding-top: 0px !important;}&#8221;]<h3 class=\"boc_heading  \"  style=\"margin-bottom: 20px;margin-top: 0px;color: #ffffff;font-size: 20pt;\"><span>Tiendas f\u00edsicas<\/span><\/h3>[vc_column_text html_element=&#8221;p&#8221; color=&#8221;#ffffff&#8221; el_class=&#8221;white-text&#8221; css=&#8221;.vc_custom_1636682015354{margin-bottom: 5px !important;}&#8221;]Para las empresas que saben lo importante que es la relaci\u00f3n simbi\u00f3tica entre la venta online y la f\u00edsica, facilitamos la creaci\u00f3n de un espacio de venta minorista. Desde una tienda propia a la presencia en un centro comercial, negociamos sobre el terreno la mejor opci\u00f3n para presentar el negocio ante los clientes.[\/vc_column_text][\/vc_column][\/vc_row][vc_row full_width=&#8221;stretch_row&#8221; equal_height=&#8221;yes&#8221; content_placement=&#8221;middle&#8221; parallax=&#8221;content-moving-fade&#8221; bg_type=&#8221;image&#8221; bg_image_new=&#8221;25223&#8243; bg_image_repeat=&#8221;no-repeat&#8221; bg_image_posiiton=&#8221;100%&#8221; el_class=&#8221;no_text_transform applied-science5&#8243; css=&#8221;.vc_custom_1636367343158{padding-top: 50px !important;padding-bottom: 50px !important;}&#8221;][vc_column width=&#8221;5\/12&#8243; css=&#8221;.vc_custom_1636325508549{padding-top: 0px !important;}&#8221;]<h3 class=\"boc_heading  \"  style=\"margin-bottom: 20px;margin-top: 0px;color: #000000;font-size: 20pt;\"><span>Cons\u00faltanos sin compromiso<\/span><\/h3>[vc_column_text html_element=&#8221;p&#8221; color=&#8221;#ffffff&#8221;]La entrada al mercado transfronterizo suele ser un sue\u00f1o para muchos negocios que, por falta de recursos o experiencia, nunca llega. Nosotros queremos ayudar a las empresas a realizar ese sue\u00f1o o gestionar de manera m\u00e1s eficaz su presencia en otros pa\u00edses.[\/vc_column_text]<a\thref=\"\/es\/contact-us\" \n\t\t\tclass=\"button btn_large_stretched btn_red btn_squared btn_normal_style    \"  target='_self'><span>CONT\u00c1CTANOS<\/span><\/a>[\/vc_column][vc_column width=&#8221;1\/12&#8243; offset=&#8221;vc_hidden-sm vc_hidden-xs&#8221;][\/vc_column][vc_column width=&#8221;6\/12&#8243; offset=&#8221;vc_hidden-sm vc_hidden-xs&#8221;]<div class=\"boc_spacing \" style=\"height: 280px\"><\/div>[\/vc_column][\/vc_row]<\/p>\n","protected":false},"excerpt":{"rendered":"<p>[vc_row full_width=&#8221;stretch_row&#8221; full_height=&#8221;yes&#8221; equal_height=&#8221;yes&#8221; content_placement=&#8221;middle&#8221; parallax_content=&#8221;off&#8221; fadeout_row=&#8221;off&#8221; enable_overlay=&#8221;off&#8221; css=&#8221;.vc_custom_1636366863174{background-image: url(\/wp-content\/uploads\/2021\/11\/market-entry-bg.jpg?id=25214) !important;}&#8221; el_id=&#8221;internal-header&#8221;][vc_column<\/p>\n<div class=\"h10\"><\/div>\n<p><a class=\"more-link2 flat\" href=\"https:\/\/roche-net.com\/es\/entrada-al-mercado\/\">Read more<\/a><\/p>\n","protected":false},"author":1,"featured_media":0,"parent":0,"menu_order":0,"comment_status":"closed","ping_status":"closed","template":"","meta":{"footnotes":""},"class_list":["post-25253","page","type-page","status-publish","hentry"],"_links":{"self":[{"href":"https:\/\/roche-net.com\/es\/wp-json\/wp\/v2\/pages\/25253","targetHints":{"allow":["GET"]}}],"collection":[{"href":"https:\/\/roche-net.com\/es\/wp-json\/wp\/v2\/pages"}],"about":[{"href":"https:\/\/roche-net.com\/es\/wp-json\/wp\/v2\/types\/page"}],"author":[{"embeddable":true,"href":"https:\/\/roche-net.com\/es\/wp-json\/wp\/v2\/users\/1"}],"replies":[{"embeddable":true,"href":"https:\/\/roche-net.com\/es\/wp-json\/wp\/v2\/comments?post=25253"}],"version-history":[{"count":3,"href":"https:\/\/roche-net.com\/es\/wp-json\/wp\/v2\/pages\/25253\/revisions"}],"predecessor-version":[{"id":25657,"href":"https:\/\/roche-net.com\/es\/wp-json\/wp\/v2\/pages\/25253\/revisions\/25657"}],"wp:attachment":[{"href":"https:\/\/roche-net.com\/es\/wp-json\/wp\/v2\/media?parent=25253"}],"curies":[{"name":"wp","href":"https:\/\/api.w.org\/{rel}","templated":true}]}}