{"id":25194,"date":"2021-08-12T09:34:00","date_gmt":"2021-08-12T09:34:00","guid":{"rendered":"https:\/\/adrianroche.co.jp\/es\/blog\/"},"modified":"2021-12-20T02:20:24","modified_gmt":"2021-12-20T02:20:24","slug":"blog","status":"publish","type":"page","link":"https:\/\/roche-net.com\/es\/blog\/","title":{"rendered":"Blog"},"content":{"rendered":"<p>[vc_row full_width=&#8221;stretch_row&#8221; content_placement=&#8221;middle&#8221; parallax_content=&#8221;off&#8221; fadeout_row=&#8221;off&#8221; enable_overlay=&#8221;off&#8221; el_class=&#8221;blog-header&#8221; el_id=&#8221;internal-header&#8221;][vc_column width=&#8221;1\/2&#8243; css=&#8221;.vc_custom_1478325765187{padding-top: 0px !important;}&#8221;]<h1 class=\"boc_heading no_text_transform hero_heading boc_animate_when_almost_visible boc_fade-in\"  style=\"margin-bottom: 20px;margin-top: 0px;color: #ffffff;\"><span>BLOG<\/span><\/h1>[\/vc_column][vc_column width=&#8221;1\/2&#8243;][\/vc_column][\/vc_row][vc_row full_width=&#8221;stretch_row&#8221; css=&#8221;.vc_custom_1627659919759{background-color: #f6f6f6 !important;}&#8221;][vc_column]<div id = \"post_grid_3450c743ad7a16b13d6c532f28f16e02\" class=\"grid_holder \"><div class=\"col span_1_of_3 info_item isotope_element\">\r\n\t\t\t\t\t\t\t<div class=\"post_item_block  boxed\"><div class=\"pic \"><a href=\"https:\/\/roche-net.com\/es\/tendencia-fintech-en-asia-pacifico-compra-ahora-paga-despues\/\"><img decoding=\"async\" src=\"https:\/\/roche-net.com\/wp-content\/uploads\/2022\/03\/BNPL\u3000\uff49\uff4d\uff41\uff47\uff45\uff12-600x380.jpg\"\/><div class=\"img_overlay\"><span class=\"hover_icon icon_plus\"><\/span><\/div><\/a><\/div><div class=\"post_item_desc dark_links\"><h4><a href=\"https:\/\/roche-net.com\/es\/tendencia-fintech-en-asia-pacifico-compra-ahora-paga-despues\/\">Tendencia Fintech En Asia-Pac\u00edfico: Compra Ahora, Paga Despu\u00e9s<\/a><\/h4><p>La industria de pagos BNPL \u2018Buy Now, Pay Later\u2019 se ha <a href=\"https:\/\/roche-net.com\/es\/tendencia-fintech-en-asia-pacifico-compra-ahora-paga-despues\/\" class='more-link1'>Saber m\u00e1s<\/a><\/p>\t\t<\/div>\r\n\t\t\t\t<\/div>\r\n\t\t\t\t<\/div><div class=\"col span_1_of_3 info_item isotope_element\">\r\n\t\t\t\t\t\t\t<div class=\"post_item_block  boxed\"><div class=\"pic \"><a href=\"https:\/\/roche-net.com\/es\/shein-la-moda-ultra-rapida-enamora-el-corazon-de-la-generacion-z-parte-2\/\"><img decoding=\"async\" src=\"https:\/\/roche-net.com\/wp-content\/uploads\/2022\/02\/becca-mchaffie-Fzde_6ITjkw-unsplash-600x380.jpg\"\/><div class=\"img_overlay\"><span class=\"hover_icon icon_plus\"><\/span><\/div><\/a><\/div><div class=\"post_item_desc dark_links\"><h4><a href=\"https:\/\/roche-net.com\/es\/shein-la-moda-ultra-rapida-enamora-el-corazon-de-la-generacion-z-parte-2\/\">SHEIN: La Moda \u201cUltra R\u00e1pida&#8221; Enamora El Coraz\u00f3n De La Generaci\u00f3n Z &#8211; Parte 2<\/a><\/h4><p>Adaptando el paradigma instaurado por Zara y H&amp;M y <a href=\"https:\/\/roche-net.com\/es\/shein-la-moda-ultra-rapida-enamora-el-corazon-de-la-generacion-z-parte-2\/\" class='more-link1'>Saber m\u00e1s<\/a><\/p>\t\t<\/div>\r\n\t\t\t\t<\/div>\r\n\t\t\t\t<\/div><div class=\"col span_1_of_3 info_item isotope_element\">\r\n\t\t\t\t\t\t\t<div class=\"post_item_block  boxed\"><div class=\"pic \"><a href=\"https:\/\/roche-net.com\/es\/shein-la-moda-ultra-rapida-enamora-el-corazon-de-la-generacion-z-parte-1\/\"><img decoding=\"async\" src=\"https:\/\/roche-net.com\/wp-content\/uploads\/2022\/01\/1200X688-1-600x380.jpg\"\/><div class=\"img_overlay\"><span class=\"hover_icon icon_plus\"><\/span><\/div><\/a><\/div><div class=\"post_item_desc dark_links\"><h4><a href=\"https:\/\/roche-net.com\/es\/shein-la-moda-ultra-rapida-enamora-el-corazon-de-la-generacion-z-parte-1\/\">SHEIN: La Moda \u201cUltra R\u00e1pida&#8221; Enamora El Coraz\u00f3n De La Generaci\u00f3n Z &#8211; Parte 1<\/a><\/h4><p>Durante el 2021, Shein se ha convertido en la aplicaci\u00f3n de <a href=\"https:\/\/roche-net.com\/es\/shein-la-moda-ultra-rapida-enamora-el-corazon-de-la-generacion-z-parte-1\/\" class='more-link1'>Saber m\u00e1s<\/a><\/p>\t\t<\/div>\r\n\t\t\t\t<\/div>\r\n\t\t\t\t<\/div><div class=\"col span_1_of_3 info_item isotope_element\">\r\n\t\t\t\t\t\t\t<div class=\"post_item_block  boxed\"><div class=\"pic \"><a href=\"https:\/\/roche-net.com\/es\/nuevo-campo-de-batalla-para-la-banca-electronica-en-hong-kong\/\"><img decoding=\"async\" src=\"https:\/\/roche-net.com\/wp-content\/uploads\/2021\/12\/iphone-g199508348_1920-600x380.jpg\"\/><div class=\"img_overlay\"><span class=\"hover_icon icon_plus\"><\/span><\/div><\/a><\/div><div class=\"post_item_desc dark_links\"><h4><a href=\"https:\/\/roche-net.com\/es\/nuevo-campo-de-batalla-para-la-banca-electronica-en-hong-kong\/\">Nuevo Campo De Batalla Para La Banca Electr\u00f3nica En Hong Kong<\/a><\/h4><p>A nivel mundial, la demanda de servicios bancarios y pagos <a href=\"https:\/\/roche-net.com\/es\/nuevo-campo-de-batalla-para-la-banca-electronica-en-hong-kong\/\" class='more-link1'>Saber m\u00e1s<\/a><\/p>\t\t<\/div>\r\n\t\t\t\t<\/div>\r\n\t\t\t\t<\/div>\r\n\t\t\t<\/div>\r\n\t\t\t<div class=\"h10 clear\"><\/div>[\/vc_column][\/vc_row]<\/p>\n","protected":false},"excerpt":{"rendered":"<p>[vc_row full_width=&#8221;stretch_row&#8221; content_placement=&#8221;middle&#8221; parallax_content=&#8221;off&#8221; fadeout_row=&#8221;off&#8221; enable_overlay=&#8221;off&#8221; el_class=&#8221;blog-header&#8221; el_id=&#8221;internal-header&#8221;][vc_column width=&#8221;1\/2&#8243; css=&#8221;.vc_custom_1478325765187{padding-top: 0px !important;}&#8221;][\/vc_column][vc_column<\/p>\n<div class=\"h10\"><\/div>\n<p><a class=\"more-link2 flat\" href=\"https:\/\/roche-net.com\/es\/nuevo-campo-de-batalla-para-la-banca-electronica-en-hong-kong\/\">Read more<\/a><\/p>\n","protected":false},"author":1,"featured_media":0,"parent":0,"menu_order":0,"comment_status":"open","ping_status":"closed","template":"","meta":{"footnotes":""},"class_list":["post-25194","page","type-page","status-publish","hentry"],"_links":{"self":[{"href":"https:\/\/roche-net.com\/es\/wp-json\/wp\/v2\/pages\/25194","targetHints":{"allow":["GET"]}}],"collection":[{"href":"https:\/\/roche-net.com\/es\/wp-json\/wp\/v2\/pages"}],"about":[{"href":"https:\/\/roche-net.com\/es\/wp-json\/wp\/v2\/types\/page"}],"author":[{"embeddable":true,"href":"https:\/\/roche-net.com\/es\/wp-json\/wp\/v2\/users\/1"}],"replies":[{"embeddable":true,"href":"https:\/\/roche-net.com\/es\/wp-json\/wp\/v2\/comments?post=25194"}],"version-history":[{"count":2,"href":"https:\/\/roche-net.com\/es\/wp-json\/wp\/v2\/pages\/25194\/revisions"}],"predecessor-version":[{"id":25321,"href":"https:\/\/roche-net.com\/es\/wp-json\/wp\/v2\/pages\/25194\/revisions\/25321"}],"wp:attachment":[{"href":"https:\/\/roche-net.com\/es\/wp-json\/wp\/v2\/media?parent=25194"}],"curies":[{"name":"wp","href":"https:\/\/api.w.org\/{rel}","templated":true}]}}