{"id":25193,"date":"2021-03-18T11:07:40","date_gmt":"2021-03-18T11:07:40","guid":{"rendered":"https:\/\/adrianroche.co.jp\/es\/applied-science\/"},"modified":"2024-02-05T08:28:00","modified_gmt":"2024-02-05T08:28:00","slug":"ciencia-aplicada","status":"publish","type":"page","link":"https:\/\/roche-net.com\/es\/ciencia-aplicada\/","title":{"rendered":"Ciencia aplicada"},"content":{"rendered":"<p>[vc_row full_width=&#8221;stretch_row&#8221; full_height=&#8221;yes&#8221; equal_height=&#8221;yes&#8221; content_placement=&#8221;middle&#8221; parallax_content=&#8221;off&#8221; fadeout_row=&#8221;off&#8221; enable_overlay=&#8221;off&#8221; css=&#8221;.vc_custom_1617253907269{background-image: url(\/wp-content\/uploads\/2021\/04\/applied-science-new-3.jpg?id=25017) !important;}&#8221; el_id=&#8221;internal-header&#8221;][vc_column width=&#8221;1\/2&#8243; css=&#8221;.vc_custom_1478325765187{padding-top: 0px !important;}&#8221;]<h1 class=\"boc_heading no_text_transform hero_heading boc_animate_when_almost_visible boc_fade-in\"  style=\"margin-bottom: 20px;margin-top: 0px;color: #ffffff;\"><span>Ciencia aplicada<\/span><\/h1>[vc_column_text el_class=&#8221;white-text&#8221;]<\/p>\n<p style=\"text-align: left; padding-left: 30px;\">Aportamos informaci\u00f3n detallada a nuestros clientes para entender qu\u00e9 funciona (y qu\u00e9 no) respecto a su posicionamiento de marketing multicanal. Nuestra capacidad para diagnosticar y predecir patrones de datos nos permite proponer estrategias que cumplan los objetivos de marketing y consigan superar los resultados esperados.<\/p>\n<p>[\/vc_column_text][\/vc_column][vc_column width=&#8221;1\/2&#8243;][\/vc_column][\/vc_row][vc_row full_width=&#8221;stretch_row&#8221; css=&#8221;.vc_custom_1616550296655{margin-bottom: 0px !important;padding-top: 20px !important;padding-bottom: 20px !important;}&#8221;][vc_column offset=&#8221;vc_col-lg-offset-1 vc_col-lg-10 vc_col-md-offset-1 vc_col-md-10&#8243;][vc_column_text]<\/p>\n<p style=\"text-align: center;\">En concreto, aprovechamos el an\u00e1lisis de comportamiento para impulsar y optimizar el rendimiento del posicionamiento de la comunicaci\u00f3n y lograr el ROI acordado con nuestros clientes.<\/p>\n<p>[\/vc_column_text][\/vc_column][\/vc_row][vc_row full_width=&#8221;stretch_row&#8221; equal_height=&#8221;yes&#8221; content_placement=&#8221;middle&#8221; parallax=&#8221;content-moving-fade&#8221; bg_type=&#8221;image&#8221; bg_image_new=&#8221;25022&#8243; bg_image_repeat=&#8221;no-repeat&#8221; el_class=&#8221;no_text_transform applied-science1&#8243; css=&#8221;.vc_custom_1617255386478{padding-top: 20px !important;padding-bottom: 20px !important;}&#8221;][vc_column width=&#8221;1\/2&#8243; offset=&#8221;vc_hidden-sm vc_hidden-xs&#8221;]<div class=\"boc_spacing \" style=\"height: 280px\"><\/div>[\/vc_column][vc_column width=&#8221;1\/2&#8243;]<h3 class=\"boc_heading  \"  style=\"margin-bottom: 20px;margin-top: 0px;color: #ffffff;font-size: 20pt;\"><span>Nuestro enfoque<\/span><\/h3>[vc_column_text html_element=&#8221;p&#8221; color=&#8221;#ffffff&#8221; el_class=&#8221;white-text&#8221;]A medida que aprendemos a utilizar los patrones de datos, nos centramos en los sujetos y en su comportamiento. As\u00ed, ponemos a las personas en primer lugar a la vez que entendemos que los datos son el resultado, no el significado de lo que buscamos.<br \/>\n[\/vc_column_text][\/vc_column][\/vc_row][vc_row full_width=&#8221;stretch_row&#8221; equal_height=&#8221;yes&#8221; content_placement=&#8221;middle&#8221; parallax=&#8221;content-moving-fade&#8221; bg_type=&#8221;image&#8221; bg_image_new=&#8221;25026&#8243; bg_image_repeat=&#8221;no-repeat&#8221; el_class=&#8221;no_text_transform applied-science2&#8243; css=&#8221;.vc_custom_1617258192476{padding-top: 20px !important;padding-bottom: 20px !important;}&#8221;][vc_column width=&#8221;1\/2&#8243;]<h3 class=\"boc_heading  \"  style=\"margin-bottom: 20px;margin-top: 0px;color: #000000;font-size: 20pt;\"><span>An\u00e1lisis de comportamiento: en profundidad y con mejores resultados<\/span><\/h3>[vc_column_text html_element=&#8221;p&#8221; color=&#8221;#ffffff&#8221;]La anal\u00edtica tradicional solo proporciona una perspectiva parcial que a menudo se basa \u00fanicamente en informaci\u00f3n demogr\u00e1fica. Sin embargo, el an\u00e1lisis de comportamiento ofrece informaci\u00f3n m\u00e1s detallada sobre la segmentaci\u00f3n. Gracias a ella, logramos resultados m\u00e1s relevantes para el negocio.<br \/>\n[\/vc_column_text][\/vc_column][vc_column width=&#8221;1\/2&#8243; css=&#8221;.vc_custom_1616520446775{padding-top: 50px !important;padding-right: 50px !important;padding-bottom: 50px !important;padding-left: 50px !important;}&#8221; offset=&#8221;vc_hidden-sm vc_hidden-xs&#8221;]<div class=\"boc_spacing \" style=\"height: 280px\"><\/div>[\/vc_column][\/vc_row][vc_row full_width=&#8221;stretch_row&#8221; equal_height=&#8221;yes&#8221; content_placement=&#8221;middle&#8221; parallax=&#8221;content-moving-fade&#8221; bg_type=&#8221;image&#8221; bg_image_new=&#8221;25032&#8243; bg_image_repeat=&#8221;no-repeat&#8221; el_class=&#8221;no_text_transform applied-science3&#8243; css=&#8221;.vc_custom_1617260693358{padding-top: 20px !important;padding-bottom: 20px !important;}&#8221;][vc_column width=&#8221;1\/2&#8243; offset=&#8221;vc_hidden-sm vc_hidden-xs&#8221;]<div class=\"boc_spacing \" style=\"height: 280px\"><\/div>[\/vc_column][vc_column width=&#8221;1\/2&#8243;]<h3 class=\"boc_heading  \"  style=\"margin-bottom: 20px;margin-top: 0px;color: #ffffff;font-size: 20pt;\"><span>Decisiones valientes<\/span><\/h3>[vc_column_text html_element=&#8221;p&#8221; color=&#8221;#ffffff&#8221; el_class=&#8221;white-text&#8221;]Los resultados hablan por s\u00ed mismos. A medida que el comportamiento humano se plasma en un papel, se pueden tomar decisiones concretas para mejorar el rendimiento. Aumentamos el \u00e9xito y eliminamos los posibles obst\u00e1culos que surjan.[\/vc_column_text][\/vc_column][\/vc_row][vc_row full_width=&#8221;stretch_row&#8221; equal_height=&#8221;yes&#8221; content_placement=&#8221;middle&#8221; parallax=&#8221;content-moving-fade&#8221; bg_type=&#8221;image&#8221; bg_image_new=&#8221;25027&#8243; bg_image_repeat=&#8221;no-repeat&#8221; el_class=&#8221;no_text_transform applied-science4&#8243; css=&#8221;.vc_custom_1617258214289{padding-top: 20px !important;padding-bottom: 20px !important;}&#8221;][vc_column width=&#8221;1\/2&#8243;]<h3 class=\"boc_heading  \"  style=\"margin-bottom: 20px;margin-top: 0px;color: #ffffff;font-size: 20pt;\"><span>\u00bfTienes dudas? Preg\u00fantanos<\/span><\/h3>[vc_column_text html_element=&#8221;p&#8221; color=&#8221;#ffffff&#8221; el_class=&#8221;white-text&#8221;]Con acceso a todas las acciones del consumidor dentro de los canales de comunicaci\u00f3n, podemos responder a cualquier duda y asesorar seg\u00fan el criterio necesario. Adem\u00e1s, convertiremos nuestro conocimiento en estrategias de marketing espec\u00edficas.<\/p>\n<p><a style=\"color: #fff;\" href=\"\/es\/contacto\/\"><strong>Profundiza en tus datos con nuestra ayuda para saber todo lo que necesitas.<\/strong><\/a>[\/vc_column_text][\/vc_column][vc_column width=&#8221;1\/2&#8243; css=&#8221;.vc_custom_1616520461560{padding-top: 50px !important;padding-right: 50px !important;padding-bottom: 50px !important;padding-left: 50px !important;}&#8221; offset=&#8221;vc_hidden-sm vc_hidden-xs&#8221;]<div class=\"boc_spacing \" style=\"height: 280px\"><\/div>[\/vc_column][\/vc_row][vc_row full_width=&#8221;stretch_row&#8221; equal_height=&#8221;yes&#8221; content_placement=&#8221;middle&#8221; parallax=&#8221;content-moving-fade&#8221; bg_type=&#8221;image&#8221; bg_image_new=&#8221;25028&#8243; bg_image_repeat=&#8221;no-repeat&#8221; el_class=&#8221;no_text_transform applied-science5&#8243; css=&#8221;.vc_custom_1617258354968{padding-top: 20px !important;padding-bottom: 20px !important;}&#8221;][vc_column width=&#8221;1\/2&#8243; offset=&#8221;vc_hidden-sm vc_hidden-xs&#8221;]<div class=\"boc_spacing \" style=\"height: 280px\"><\/div>[\/vc_column][vc_column width=&#8221;1\/2&#8243;]<h3 class=\"boc_heading  \"  style=\"margin-bottom: 20px;margin-top: 0px;color: #000000;font-size: 20pt;\"><span>Informes claros hechos por personas y para personas<\/span><\/h3>[vc_column_text html_element=&#8221;p&#8221; color=&#8221;#ffffff&#8221;]Entendemos que nuestros clientes son personas que necesitan entender de una manera sencilla la complejidad de los datos y el proceso de an\u00e1lisis. Nuestros consultores de datos gozan de la mayor confianza del cliente para proporcionar esa tranquildad.<br \/>\n[\/vc_column_text][\/vc_column][\/vc_row]<\/p>\n","protected":false},"excerpt":{"rendered":"<p>[vc_row full_width=&#8221;stretch_row&#8221; full_height=&#8221;yes&#8221; equal_height=&#8221;yes&#8221; content_placement=&#8221;middle&#8221; parallax_content=&#8221;off&#8221; fadeout_row=&#8221;off&#8221; enable_overlay=&#8221;off&#8221; css=&#8221;.vc_custom_1617253907269{background-image: url(\/wp-content\/uploads\/2021\/04\/applied-science-new-3.jpg?id=25017) !important;}&#8221; el_id=&#8221;internal-header&#8221;][vc_column<\/p>\n<div class=\"h10\"><\/div>\n<p><a class=\"more-link2 flat\" href=\"https:\/\/roche-net.com\/es\/ciencia-aplicada\/\">Read more<\/a><\/p>\n","protected":false},"author":1,"featured_media":0,"parent":0,"menu_order":0,"comment_status":"open","ping_status":"closed","template":"","meta":{"footnotes":""},"class_list":["post-25193","page","type-page","status-publish","hentry"],"_links":{"self":[{"href":"https:\/\/roche-net.com\/es\/wp-json\/wp\/v2\/pages\/25193","targetHints":{"allow":["GET"]}}],"collection":[{"href":"https:\/\/roche-net.com\/es\/wp-json\/wp\/v2\/pages"}],"about":[{"href":"https:\/\/roche-net.com\/es\/wp-json\/wp\/v2\/types\/page"}],"author":[{"embeddable":true,"href":"https:\/\/roche-net.com\/es\/wp-json\/wp\/v2\/users\/1"}],"replies":[{"embeddable":true,"href":"https:\/\/roche-net.com\/es\/wp-json\/wp\/v2\/comments?post=25193"}],"version-history":[{"count":3,"href":"https:\/\/roche-net.com\/es\/wp-json\/wp\/v2\/pages\/25193\/revisions"}],"predecessor-version":[{"id":25654,"href":"https:\/\/roche-net.com\/es\/wp-json\/wp\/v2\/pages\/25193\/revisions\/25654"}],"wp:attachment":[{"href":"https:\/\/roche-net.com\/es\/wp-json\/wp\/v2\/media?parent=25193"}],"curies":[{"name":"wp","href":"https:\/\/api.w.org\/{rel}","templated":true}]}}