{"id":25192,"date":"2016-11-03T15:27:45","date_gmt":"2016-11-03T15:27:45","guid":{"rendered":"https:\/\/adrianroche.co.jp\/es\/our-services\/"},"modified":"2024-02-05T08:28:26","modified_gmt":"2024-02-05T08:28:26","slug":"marketing-y-publicidad","status":"publish","type":"page","link":"https:\/\/roche-net.com\/es\/marketing-y-publicidad\/","title":{"rendered":"Marketing y Publicidad"},"content":{"rendered":"<p>[vc_row full_width=&#8221;stretch_row&#8221; content_placement=&#8221;middle&#8221; parallax_content=&#8221;off&#8221; fadeout_row=&#8221;off&#8221; enable_overlay=&#8221;off&#8221; css=&#8221;.vc_custom_1617253378689{background-image: url(\/wp-content\/uploads\/2021\/04\/our-services.jpg?id=25015) !important;}&#8221; el_id=&#8221;internal-header&#8221;][vc_column width=&#8221;1\/2&#8243; css=&#8221;.vc_custom_1478187259324{padding-top: 0px !important;}&#8221;]<h1 class=\"boc_heading no_text_transform hero_heading boc_animate_when_almost_visible boc_fade-in\"  style=\"margin-bottom: 20px;margin-top: 0px;color: #ffffff;\"><span>Marketing y Publicidad<\/span><\/h1><h2 class=\"boc_heading hero_heading_small \"  style=\"margin-bottom: 20px;margin-top: 0px;color: #ffffff;\"><span>Una agencia de publicidad y marketing impulsada por el an\u00e1lisis de datos.<\/span><\/h2>[\/vc_column][vc_column width=&#8221;1\/2&#8243;][\/vc_column][\/vc_row][vc_row full_width=&#8221;stretch_row&#8221; equal_height=&#8221;yes&#8221; content_placement=&#8221;top&#8221; css=&#8221;.vc_custom_1616549907088{padding-top: 30px !important;}&#8221;][vc_column width=&#8221;1\/4&#8243; el_class=&#8221;hover_box_up&#8221;]\r\n\t\t\t\t<a href=\"#multi-channel\"  title=\"\" class=\"pic_info_link_type13\">\r\n\t\t\t\t  <div class=\"boc_image_box portfolio_animator_class  \">\r\n\t\t\t\t\t<div class=\"pic_info type13\">\r\n\t\t\t\t\t\t<div class=\"pic \"><div class=\"plus_overlay\"><\/div><div class=\"plus_overlay_icon\"><\/div>\r\n\t\t\t\t\t\t<img fetchpriority=\"high\" decoding=\"async\" width=\"350\" height=\"350\" src=\"https:\/\/roche-net.com\/wp-content\/uploads\/2015\/04\/service-icon1.png\" class=\"attachment-boc_medium size-boc_medium\" alt=\"\" srcset=\"https:\/\/roche-net.com\/wp-content\/uploads\/2015\/04\/service-icon1.png 350w, https:\/\/roche-net.com\/wp-content\/uploads\/2015\/04\/service-icon1-150x150.png 150w, https:\/\/roche-net.com\/wp-content\/uploads\/2015\/04\/service-icon1-300x300.png 300w\" sizes=\"(max-width: 350px) 100vw, 350px\" \/>\r\n\t\t\t\t\t\t<div class=\"img_overlay_icon\"><span class=\"portfolio_icon icon_link\"><\/span><\/div><\/div>\r\n\t\t\t\t\t\t<div class=\"info_overlay\">\r\n\t\t\t\t\t\t\t<div class=\"info_overlay_padding\">\r\n\t\t\t\t\t\t\t\t<div class=\"info_desc\">\r\n\t\t\t\t\t\t\t\t\t<span class=\"portfolio_icon icon_link\"><\/span>\t\t\t\t\r\n\t\t\t\t\t\t\t\t\t<h3>Marketing multicanal<\/h3>\r\n\t\t\t\t\t\t\t\t\t<p>Ayudamos a todo tipo de negocios a conseguir sus objetivos mediante una estrategia multimedia, a la vez que conseguimos resultados analizables basados en el rendimiento.<\/p>\r\n\t\t\t\t\t\t\t\t<\/div>\r\n\t\t\t\t\t\t\t<\/div>\r\n\t\t\t\t\t\t<\/div>\r\n\t\t\t\t\t<\/div>\r\n\t\t\t\t  <\/div>\r\n\t\t\t\t<\/a>\r\n\t\t\t[\/vc_column][vc_column width=&#8221;1\/4&#8243; el_class=&#8221;hover_box_up&#8221;]\r\n\t\t\t\t<a href=\"#social\"  title=\"\" class=\"pic_info_link_type13\">\r\n\t\t\t\t  <div class=\"boc_image_box portfolio_animator_class  \">\r\n\t\t\t\t\t<div class=\"pic_info type13\">\r\n\t\t\t\t\t\t<div class=\"pic \"><div class=\"plus_overlay\"><\/div><div class=\"plus_overlay_icon\"><\/div>\r\n\t\t\t\t\t\t<img decoding=\"async\" width=\"350\" height=\"350\" src=\"https:\/\/roche-net.com\/wp-content\/uploads\/2015\/04\/service-icon2.png\" class=\"attachment-boc_medium size-boc_medium\" alt=\"\" srcset=\"https:\/\/roche-net.com\/wp-content\/uploads\/2015\/04\/service-icon2.png 350w, https:\/\/roche-net.com\/wp-content\/uploads\/2015\/04\/service-icon2-150x150.png 150w, https:\/\/roche-net.com\/wp-content\/uploads\/2015\/04\/service-icon2-300x300.png 300w\" sizes=\"(max-width: 350px) 100vw, 350px\" \/>\r\n\t\t\t\t\t\t<div class=\"img_overlay_icon\"><span class=\"portfolio_icon icon_link\"><\/span><\/div><\/div>\r\n\t\t\t\t\t\t<div class=\"info_overlay\">\r\n\t\t\t\t\t\t\t<div class=\"info_overlay_padding\">\r\n\t\t\t\t\t\t\t\t<div class=\"info_desc\">\r\n\t\t\t\t\t\t\t\t\t<span class=\"portfolio_icon icon_link\"><\/span>\t\t\t\t\r\n\t\t\t\t\t\t\t\t\t<h3>Marketing y creaci\u00f3n de contenido<\/h3>\r\n\t\t\t\t\t\t\t\t\t<p>Ayudamos a nuestros clientes a descubrir, desarrollar, e implicarse con su audiencia de manera efectiva a trav\u00e9s de sus redes sociales con campa\u00f1as org\u00e1nicas y paid.<\/p>\r\n\t\t\t\t\t\t\t\t<\/div>\r\n\t\t\t\t\t\t\t<\/div>\r\n\t\t\t\t\t\t<\/div>\r\n\t\t\t\t\t<\/div>\r\n\t\t\t\t  <\/div>\r\n\t\t\t\t<\/a>\r\n\t\t\t[\/vc_column][vc_column width=&#8221;1\/4&#8243; el_class=&#8221;hover_box_up&#8221;]\r\n\t\t\t\t<a href=\"#discovery\"  title=\"\" class=\"pic_info_link_type13\">\r\n\t\t\t\t  <div class=\"boc_image_box portfolio_animator_class  \">\r\n\t\t\t\t\t<div class=\"pic_info type13\">\r\n\t\t\t\t\t\t<div class=\"pic \"><div class=\"plus_overlay\"><\/div><div class=\"plus_overlay_icon\"><\/div>\r\n\t\t\t\t\t\t<img decoding=\"async\" width=\"350\" height=\"350\" src=\"https:\/\/roche-net.com\/wp-content\/uploads\/2015\/04\/service-icon3.png\" class=\"attachment-boc_medium size-boc_medium\" alt=\"\" srcset=\"https:\/\/roche-net.com\/wp-content\/uploads\/2015\/04\/service-icon3.png 350w, https:\/\/roche-net.com\/wp-content\/uploads\/2015\/04\/service-icon3-150x150.png 150w, https:\/\/roche-net.com\/wp-content\/uploads\/2015\/04\/service-icon3-300x300.png 300w\" sizes=\"(max-width: 350px) 100vw, 350px\" \/>\r\n\t\t\t\t\t\t<div class=\"img_overlay_icon\"><span class=\"portfolio_icon icon_link\"><\/span><\/div><\/div>\r\n\t\t\t\t\t\t<div class=\"info_overlay\">\r\n\t\t\t\t\t\t\t<div class=\"info_overlay_padding\">\r\n\t\t\t\t\t\t\t\t<div class=\"info_desc\">\r\n\t\t\t\t\t\t\t\t\t<span class=\"portfolio_icon icon_link\"><\/span>\t\t\t\t\r\n\t\t\t\t\t\t\t\t\t<h3>Investigaci\u00f3n y auditor\u00eda<\/h3>\r\n\t\t\t\t\t\t\t\t\t<p>Invertimos el tiempo necesario en analizar lo que necesita un negocio antes de enviar una propuesta o desarollar una estrategia.<\/p>\r\n\t\t\t\t\t\t\t\t<\/div>\r\n\t\t\t\t\t\t\t<\/div>\r\n\t\t\t\t\t\t<\/div>\r\n\t\t\t\t\t<\/div>\r\n\t\t\t\t  <\/div>\r\n\t\t\t\t<\/a>\r\n\t\t\t[\/vc_column][vc_column width=&#8221;1\/4&#8243; el_class=&#8221;hover_box_up&#8221;]\r\n\t\t\t\t<a href=\"#technology\"  title=\"\" class=\"pic_info_link_type13\">\r\n\t\t\t\t  <div class=\"boc_image_box portfolio_animator_class  \">\r\n\t\t\t\t\t<div class=\"pic_info type13\">\r\n\t\t\t\t\t\t<div class=\"pic \"><div class=\"plus_overlay\"><\/div><div class=\"plus_overlay_icon\"><\/div>\r\n\t\t\t\t\t\t<img loading=\"lazy\" decoding=\"async\" width=\"350\" height=\"350\" src=\"https:\/\/roche-net.com\/wp-content\/uploads\/2015\/04\/service-icon4.png\" class=\"attachment-boc_medium size-boc_medium\" alt=\"\" srcset=\"https:\/\/roche-net.com\/wp-content\/uploads\/2015\/04\/service-icon4.png 350w, https:\/\/roche-net.com\/wp-content\/uploads\/2015\/04\/service-icon4-150x150.png 150w, https:\/\/roche-net.com\/wp-content\/uploads\/2015\/04\/service-icon4-300x300.png 300w\" sizes=\"(max-width: 350px) 100vw, 350px\" \/>\r\n\t\t\t\t\t\t<div class=\"img_overlay_icon\"><span class=\"portfolio_icon icon_link\"><\/span><\/div><\/div>\r\n\t\t\t\t\t\t<div class=\"info_overlay\">\r\n\t\t\t\t\t\t\t<div class=\"info_overlay_padding\">\r\n\t\t\t\t\t\t\t\t<div class=\"info_desc\">\r\n\t\t\t\t\t\t\t\t\t<span class=\"portfolio_icon icon_link\"><\/span>\t\t\t\t\r\n\t\t\t\t\t\t\t\t\t<h3>Tecnolog\u00eda<\/h3>\r\n\t\t\t\t\t\t\t\t\t<p>Consultamos con nuestros clientes sobre sus necesidades tecnol\u00f3gicas y ofrecemos soluciones para crear el mejor y mayor rendimiento de su negocio.<\/p>\r\n\t\t\t\t\t\t\t\t<\/div>\r\n\t\t\t\t\t\t\t<\/div>\r\n\t\t\t\t\t\t<\/div>\r\n\t\t\t\t\t<\/div>\r\n\t\t\t\t  <\/div>\r\n\t\t\t\t<\/a>\r\n\t\t\t[\/vc_column][\/vc_row][vc_row css=&#8221;.vc_custom_1478186946889{margin-bottom: 0px !important;padding-top: 20px !important;padding-bottom: 20px !important;}&#8221;][vc_column css=&#8221;.vc_custom_1427377437484{padding-top: 60px !important;padding-bottom: 0px !important;}&#8221;][vc_column_text]<\/p>\n<p style=\"text-align: left;\">Entregamos proyectos de publicidad de alta calidad a tiempo y dentro del presupuesto establecido, gracias a nuestro equipo multicultural y profesional, con alto nivel de exigencia y responsabilidad en la industria.<\/p>\n<p>[\/vc_column_text][\/vc_column][\/vc_row][vc_row full_width=&#8221;stretch_row&#8221; equal_height=&#8221;yes&#8221; content_placement=&#8221;middle&#8221; parallax=&#8221;content-moving-fade&#8221; el_class=&#8221;no_text_transform&#8221; css=&#8221;.vc_custom_1483678547683{padding-top: 20px !important;padding-bottom: 0px !important;background-image: url(\/wp-content\/uploads\/2016\/11\/service-1.jpg?id=23942) !important;background-position: 0 0;background-repeat: no-repeat !important;}&#8221; el_id=&#8221;multi-channel&#8221;][vc_column width=&#8221;1\/3&#8243; css=&#8221;.vc_custom_1616563779244{background-position: center !important;background-repeat: no-repeat !important;background-size: cover !important;}&#8221; offset=&#8221;vc_hidden-xs&#8221;][\/vc_column][vc_column width=&#8221;2\/3&#8243; css=&#8221;.vc_custom_1478188231471{padding-top: 20px !important;padding-right: 20px !important;padding-bottom: 20px !important;padding-left: 20px !important;}&#8221;]<h3 class=\"boc_heading  boc_animate_when_almost_visible boc_bottom-to-top\"  style=\"margin-bottom: 20px;margin-top: 0px;color: #ffffff;font-size: 26pt;\"><span>Marketing multicanal<\/span><\/h3>[vc_column_text css_animation=&#8221;boc_animate_when_almost_visible boc_bottom-to-top&#8221;]<span style=\"color: #ffffff;\">Ayudamos a todo tipo de negocios a conseguir sus objetivos mediante una estrategia multimedia, a la vez que conseguimos resultados medibles basados en el rendimiento.<\/span><\/p>\n<p><span style=\"color: #ffffff;\">Creamos el mensaje adecuado para la audiencia adecuada, no solo con un buen dise\u00f1o y grandes ideas, sino con una implementaci\u00f3n segmentada basada en el an\u00e1lisis e interpretaci\u00f3n de los datos.<\/span><\/p>\n<p><span style=\"color: #ffffff;\">No solo buscamos y llevamos a los consumidores a comprar, creamos y fomentamos la fidelidad de los mismos a lo largo del tiempo.<\/span><\/p>\n<p><strong><span style=\"color: #ffffff;\">Especialidades<\/span><\/strong>[\/vc_column_text][vc_row_inner][vc_column_inner width=&#8221;1\/4&#8243;][vc_single_image alignment=&#8221;center&#8221; css_animation=&#8221;boc_animate_when_almost_visible boc_bottom-to-top&#8221; image=&#8221;23949&#8243;]<h4 class=\"boc_heading  center  boc_animate_when_almost_visible boc_bottom-to-top\"  style=\"margin-bottom: 20px;margin-top: 0px;text-align: center;color: #ffffff;\"><span>Plan estrat\u00e9gico multi-canal<\/span><\/h4>[\/vc_column_inner][vc_column_inner width=&#8221;1\/4&#8243;][vc_single_image alignment=&#8221;center&#8221; css_animation=&#8221;boc_animate_when_almost_visible boc_bottom-to-top&#8221; image=&#8221;23950&#8243;]<h4 class=\"boc_heading  center  boc_animate_when_almost_visible boc_bottom-to-top\"  style=\"margin-bottom: 20px;margin-top: 0px;text-align: center;color: #ffffff;\"><span>Ejecuci\u00f3n de campa\u00f1as<\/span><\/h4>[\/vc_column_inner][vc_column_inner width=&#8221;1\/4&#8243;][vc_single_image alignment=&#8221;center&#8221; css_animation=&#8221;boc_animate_when_almost_visible boc_bottom-to-top&#8221; image=&#8221;23949&#8243;]<h4 class=\"boc_heading  center  boc_animate_when_almost_visible boc_bottom-to-top\"  style=\"margin-bottom: 20px;margin-top: 0px;text-align: center;color: #ffffff;\"><span>An\u00e1lisis del rendimiento<\/span><\/h4>[\/vc_column_inner][vc_column_inner width=&#8221;1\/4&#8243;][vc_single_image alignment=&#8221;center&#8221; css_animation=&#8221;boc_animate_when_almost_visible boc_bottom-to-top&#8221; image=&#8221;23949&#8243;]<h4 class=\"boc_heading  center  boc_animate_when_almost_visible boc_bottom-to-top\"  style=\"margin-bottom: 20px;margin-top: 0px;text-align: center;color: #ffffff;\"><span>Informes<\/span><\/h4>[\/vc_column_inner][\/vc_row_inner][\/vc_column][\/vc_row][vc_row full_width=&#8221;stretch_row&#8221; equal_height=&#8221;yes&#8221; parallax=&#8221;content-moving-fade&#8221; parallax_content=&#8221;off&#8221; enable_overlay=&#8221;off&#8221; el_class=&#8221;no_text_transform&#8221; css=&#8221;.vc_custom_1483678582722{padding-top: 50px !important;padding-bottom: 50px !important;background-image: url(\/wp-content\/uploads\/2016\/11\/service-2-1.png?id=23972) !important;background-position: center;background-repeat: no-repeat !important;background-size: cover !important;}&#8221; el_id=&#8221;social&#8221;][vc_column width=&#8221;2\/3&#8243; css=&#8221;.vc_custom_1478188231471{padding-top: 20px !important;padding-right: 20px !important;padding-bottom: 20px !important;padding-left: 20px !important;}&#8221;]<h3 class=\"boc_heading  boc_animate_when_almost_visible boc_bottom-to-top\"  style=\"margin-bottom: 20px;margin-top: 0px;color: #000000;font-size: 26pt;\"><span>Marketing y creaci\u00f3n de contenido<\/span><\/h3>[vc_column_text css_animation=&#8221;boc_animate_when_almost_visible boc_bottom-to-top&#8221;]Nuestro servicio de marketing y creaci\u00f3n de contenido ayuda a los clientes a descubrir, desarrollar e implicarse con su audiencia de manera efectiva, ya que dedicamos tiempo a entender a su p\u00fablico objetivo para obtener un mejor resultado.<\/p>\n<p>Al mismo tiempo que generamos conversaciones y amplificamos el alcance y la relevancia de una marca en su mercado, optimizamos las inversiones de marketing y maximizamos su eficacia.<\/p>\n<p><strong>Especialidades<\/strong>[\/vc_column_text][vc_row_inner][vc_column_inner width=&#8221;1\/4&#8243;][vc_single_image alignment=&#8221;center&#8221; css_animation=&#8221;boc_animate_when_almost_visible boc_bottom-to-top&#8221; image=&#8221;23982&#8243;]<h4 class=\"boc_heading  center  boc_animate_when_almost_visible boc_bottom-to-top\"  style=\"margin-bottom: 20px;margin-top: 0px;text-align: center;color: #595959;\"><span>Planificaci\u00f3n de canales<\/span><\/h4>[\/vc_column_inner][vc_column_inner width=&#8221;1\/4&#8243;][vc_single_image alignment=&#8221;center&#8221; css_animation=&#8221;boc_animate_when_almost_visible boc_bottom-to-top&#8221; image=&#8221;23983&#8243;]<h4 class=\"boc_heading  center  boc_animate_when_almost_visible boc_bottom-to-top\"  style=\"margin-bottom: 20px;margin-top: 0px;text-align: center;color: #595959;\"><span>Identificaci\u00f3n de la audiencia<\/span><\/h4>[\/vc_column_inner][vc_column_inner width=&#8221;1\/4&#8243;][vc_single_image alignment=&#8221;center&#8221; css_animation=&#8221;boc_animate_when_almost_visible boc_bottom-to-top&#8221; image=&#8221;23984&#8243;]<h4 class=\"boc_heading  center  boc_animate_when_almost_visible boc_bottom-to-top\"  style=\"margin-bottom: 20px;margin-top: 0px;text-align: center;color: #595959;\"><span>SEO sem\u00e1ntico<\/span><\/h4>[\/vc_column_inner][vc_column_inner width=&#8221;1\/4&#8243;][vc_single_image alignment=&#8221;center&#8221; css_animation=&#8221;boc_animate_when_almost_visible boc_bottom-to-top&#8221; image=&#8221;23985&#8243;]<h4 class=\"boc_heading  center  boc_animate_when_almost_visible boc_bottom-to-top\"  style=\"margin-bottom: 20px;margin-top: 0px;text-align: center;color: #595959;\"><span>Creaci\u00f3n de contenido y activaci\u00f3n<\/span><\/h4>[\/vc_column_inner][\/vc_row_inner][\/vc_column][vc_column width=&#8221;1\/3&#8243; css=&#8221;.vc_custom_1616563788224{background-position: center !important;background-repeat: no-repeat !important;background-size: cover !important;}&#8221; offset=&#8221;vc_hidden-xs&#8221;][\/vc_column][\/vc_row][vc_row full_width=&#8221;stretch_row&#8221; equal_height=&#8221;yes&#8221; parallax=&#8221;content-moving-fade&#8221; parallax_content=&#8221;off&#8221; enable_overlay=&#8221;off&#8221; el_class=&#8221;no_text_transform&#8221; css=&#8221;.vc_custom_1616660407107{padding-top: 20px !important;padding-bottom: 20px !important;background-image: url(\/wp-content\/uploads\/2016\/11\/service-3.jpg?id=23988) !important;}&#8221; el_id=&#8221;discovery&#8221;][vc_column width=&#8221;1\/3&#8243; offset=&#8221;vc_hidden-xs&#8221;][\/vc_column][vc_column width=&#8221;2\/3&#8243; css=&#8221;.vc_custom_1616660520442{padding-top: 20px !important;padding-right: 20px !important;padding-bottom: 20px !important;padding-left: 20px !important;background-position: center !important;background-repeat: no-repeat !important;background-size: cover !important;}&#8221;]<h3 class=\"boc_heading  boc_animate_when_almost_visible boc_bottom-to-top\"  style=\"margin-bottom: 20px;margin-top: 0px;color: #ffffff;font-size: 26pt;\"><span>Investigaci\u00f3n y auditor\u00eda<\/span><\/h3>[vc_column_text css_animation=&#8221;boc_animate_when_almost_visible boc_bottom-to-top&#8221;]<span style=\"color: #ffffff;\">En el mundo actual, los clientes no deben implementar una nueva estrategia de comunicaci\u00f3n sin conocer antes su posicionamiento. Adrian Roche Co., Ltd invierte tiempo para entender los problemas y necesidades de un negocio antes de proponer o comprometer al cliente con una estrategia determinada.<\/span><\/p>\n<p><span style=\"color: #ffffff;\">Como sucede habitualmente en el mundo de la publicidad, la planificaci\u00f3n y la proyecci\u00f3n respecto al rendimiento define las bases de una estrategia de comunicaci\u00f3n relevante.<\/span><\/p>\n<p><span style=\"color: #ffffff;\"><strong>Especialidades<\/strong><\/span>[\/vc_column_text][vc_row_inner][vc_column_inner width=&#8221;1\/6&#8243;][vc_single_image alignment=&#8221;center&#8221; css_animation=&#8221;boc_animate_when_almost_visible boc_bottom-to-top&#8221; image=&#8221;24003&#8243;]<h4 class=\"boc_heading  center  boc_animate_when_almost_visible boc_bottom-to-top\"  style=\"margin-bottom: 20px;margin-top: 0px;text-align: center;color: #ffffff;\"><span>An\u00e1lisis del comportamiento<\/span><\/h4>[\/vc_column_inner][vc_column_inner width=&#8221;1\/6&#8243;][vc_single_image alignment=&#8221;center&#8221; css_animation=&#8221;boc_animate_when_almost_visible boc_bottom-to-top&#8221; image=&#8221;24004&#8243;]<h4 class=\"boc_heading  center  boc_animate_when_almost_visible boc_bottom-to-top\"  style=\"margin-bottom: 20px;margin-top: 0px;text-align: center;color: #ffffff;\"><span>Base de datos segmentada<\/span><\/h4>[\/vc_column_inner][vc_column_inner width=&#8221;1\/6&#8243;][vc_single_image alignment=&#8221;center&#8221; css_animation=&#8221;boc_animate_when_almost_visible boc_bottom-to-top&#8221; image=&#8221;24005&#8243;]<h4 class=\"boc_heading  center  boc_animate_when_almost_visible boc_bottom-to-top\"  style=\"margin-bottom: 20px;margin-top: 0px;text-align: center;color: #ffffff;\"><span>An\u00e1lisis del negocio<\/span><\/h4>[\/vc_column_inner][vc_column_inner width=&#8221;1\/6&#8243;][vc_single_image alignment=&#8221;center&#8221; css_animation=&#8221;boc_animate_when_almost_visible boc_bottom-to-top&#8221; image=&#8221;24006&#8243;]<h4 class=\"boc_heading  center  boc_animate_when_almost_visible boc_bottom-to-top\"  style=\"margin-bottom: 20px;margin-top: 0px;text-align: center;color: #ffffff;\"><span>Posicionamiento del producto \/ servicio<\/span><\/h4>[\/vc_column_inner][vc_column_inner width=&#8221;1\/6&#8243;][vc_single_image alignment=&#8221;center&#8221; css_animation=&#8221;boc_animate_when_almost_visible boc_bottom-to-top&#8221; image=&#8221;24007&#8243;]<h4 class=\"boc_heading  center  boc_animate_when_almost_visible boc_bottom-to-top\"  style=\"margin-bottom: 20px;margin-top: 0px;text-align: center;color: #ffffff;\"><span>Marketing de an\u00e1lisis de datos<\/span><\/h4>[\/vc_column_inner][vc_column_inner width=&#8221;1\/6&#8243;][\/vc_column_inner][\/vc_row_inner][\/vc_column][\/vc_row][vc_row full_width=&#8221;stretch_row&#8221; equal_height=&#8221;yes&#8221; parallax=&#8221;content-moving-fade&#8221; parallax_content=&#8221;off&#8221; enable_overlay=&#8221;off&#8221; el_class=&#8221;no_text_transform&#8221; css=&#8221;.vc_custom_1483678614587{padding-top: 50px !important;padding-bottom: 50px !important;background-image: url(\/wp-content\/uploads\/2016\/11\/service-4.jpg?id=24010) !important;background-position: center;background-repeat: no-repeat !important;background-size: cover !important;}&#8221; el_id=&#8221;technology&#8221;][vc_column width=&#8221;2\/3&#8243; css=&#8221;.vc_custom_1478188231471{padding-top: 20px !important;padding-right: 20px !important;padding-bottom: 20px !important;padding-left: 20px !important;}&#8221;]<h3 class=\"boc_heading  boc_animate_when_almost_visible boc_bottom-to-top\"  style=\"margin-bottom: 20px;margin-top: 0px;color: #000000;font-size: 26pt;\"><span>Tecnolog\u00eda<\/span><\/h3>[vc_column_text css_animation=&#8221;boc_animate_when_almost_visible boc_bottom-to-top&#8221;]La constante evoluci\u00f3n del mundo tecnol\u00f3gico hace dif\u00edcil saber c\u00f3mo implementar las necesidades particulares de un negocio. En Adrian Roche Co., Ltd mantenemos al d\u00eda a nuestros clientes de las nuevas tendencias tecnol\u00f3gicas, recomendando soluciones para lograr los mejores resultados.<\/p>\n<p>A medida que cambian las necesidades, ayudamos a los clientes a definir un camino claro respecto al uso de la tecnolog\u00eda.<\/p>\n<p><strong>Especialidades<\/strong>[\/vc_column_text][vc_row_inner][vc_column_inner width=&#8221;1\/4&#8243;][vc_single_image alignment=&#8221;center&#8221; css_animation=&#8221;boc_animate_when_almost_visible boc_bottom-to-top&#8221; image=&#8221;24012&#8243;]<h4 class=\"boc_heading  center  boc_animate_when_almost_visible boc_bottom-to-top\"  style=\"margin-bottom: 20px;margin-top: 0px;text-align: center;color: #595959;\"><span>Evaluaci\u00f3n de la arquitectura de los sistemas e ingenier\u00eda<\/span><\/h4>[\/vc_column_inner][vc_column_inner width=&#8221;1\/4&#8243;][vc_single_image alignment=&#8221;center&#8221; css_animation=&#8221;boc_animate_when_almost_visible boc_bottom-to-top&#8221; image=&#8221;24013&#8243;]<h4 class=\"boc_heading  center  boc_animate_when_almost_visible boc_bottom-to-top\"  style=\"margin-bottom: 20px;margin-top: 0px;text-align: center;color: #595959;\"><span>CRM, anal\u00edtica y automatizaci\u00f3n de marketing<\/span><\/h4>[\/vc_column_inner][vc_column_inner width=&#8221;1\/4&#8243;][vc_single_image alignment=&#8221;center&#8221; css_animation=&#8221;boc_animate_when_almost_visible boc_bottom-to-top&#8221; image=&#8221;24014&#8243;]<h4 class=\"boc_heading  center  boc_animate_when_almost_visible boc_bottom-to-top\"  style=\"margin-bottom: 20px;margin-top: 0px;text-align: center;color: #595959;\"><span>Dise\u00f1o y mantenimiento de una base de datos<\/span><\/h4>[\/vc_column_inner][vc_column_inner width=&#8221;1\/4&#8243;][vc_single_image alignment=&#8221;center&#8221; css_animation=&#8221;boc_animate_when_almost_visible boc_bottom-to-top&#8221; image=&#8221;24015&#8243;]<h4 class=\"boc_heading  center  boc_animate_when_almost_visible boc_bottom-to-top\"  style=\"margin-bottom: 20px;margin-top: 0px;text-align: center;color: #595959;\"><span>Desarrollo y hosting<\/span><\/h4>[\/vc_column_inner][\/vc_row_inner][\/vc_column][vc_column width=&#8221;1\/3&#8243; css=&#8221;.vc_custom_1616563803952{background-position: center !important;background-repeat: no-repeat !important;background-size: cover !important;}&#8221; offset=&#8221;vc_hidden-xs&#8221;][\/vc_column][\/vc_row][vc_row full_width=&#8221;stretch_row&#8221; equal_height=&#8221;yes&#8221; content_placement=&#8221;middle&#8221; el_id=&#8221;arv&#8221;][vc_column width=&#8221;2\/3&#8243;]<h3 class=\"boc_heading strong \"  style=\"margin-bottom: 0px;margin-top: 0px;color: #333333;font-size: 24px;\"><span>DESCUBRE M\u00c1S EN ADRIAN ROCHE TECH.<\/span><\/h3><h4 class=\"boc_heading  \"  style=\"margin-bottom: 20px;margin-top: 0px;color: #333333;font-size: 20px;\"><span>Nuestra compa\u00f1\u00eda hermana de tecnolog\u00eda<\/span><\/h4>[\/vc_column][vc_column width=&#8221;1\/3&#8243; el_class=&#8221;center-text&#8221;]<a\thref=\"https:\/\/adrianroche-tech.com\/\" \n\t\t\tclass=\"button btn_large_stretched btn_red btn_squared btn_outline    \"  target='_blank'><span>SABER M\u00c1S<\/span><\/a>[\/vc_column][\/vc_row]<\/p>\n","protected":false},"excerpt":{"rendered":"<p>[vc_row full_width=&#8221;stretch_row&#8221; content_placement=&#8221;middle&#8221; parallax_content=&#8221;off&#8221; fadeout_row=&#8221;off&#8221; enable_overlay=&#8221;off&#8221; css=&#8221;.vc_custom_1617253378689{background-image: url(\/wp-content\/uploads\/2021\/04\/our-services.jpg?id=25015) !important;}&#8221; el_id=&#8221;internal-header&#8221;][vc_column width=&#8221;1\/2&#8243; css=&#8221;.vc_custom_1478187259324{padding-top:<\/p>\n<div class=\"h10\"><\/div>\n<p><a class=\"more-link2 flat\" href=\"https:\/\/roche-net.com\/es\/marketing-y-publicidad\/\">Read more<\/a><\/p>\n","protected":false},"author":1,"featured_media":0,"parent":0,"menu_order":0,"comment_status":"open","ping_status":"closed","template":"","meta":{"footnotes":""},"class_list":["post-25192","page","type-page","status-publish","hentry"],"_links":{"self":[{"href":"https:\/\/roche-net.com\/es\/wp-json\/wp\/v2\/pages\/25192","targetHints":{"allow":["GET"]}}],"collection":[{"href":"https:\/\/roche-net.com\/es\/wp-json\/wp\/v2\/pages"}],"about":[{"href":"https:\/\/roche-net.com\/es\/wp-json\/wp\/v2\/types\/page"}],"author":[{"embeddable":true,"href":"https:\/\/roche-net.com\/es\/wp-json\/wp\/v2\/users\/1"}],"replies":[{"embeddable":true,"href":"https:\/\/roche-net.com\/es\/wp-json\/wp\/v2\/comments?post=25192"}],"version-history":[{"count":4,"href":"https:\/\/roche-net.com\/es\/wp-json\/wp\/v2\/pages\/25192\/revisions"}],"predecessor-version":[{"id":25656,"href":"https:\/\/roche-net.com\/es\/wp-json\/wp\/v2\/pages\/25192\/revisions\/25656"}],"wp:attachment":[{"href":"https:\/\/roche-net.com\/es\/wp-json\/wp\/v2\/media?parent=25192"}],"curies":[{"name":"wp","href":"https:\/\/api.w.org\/{rel}","templated":true}]}}