{"id":25191,"date":"2015-03-26T10:37:55","date_gmt":"2015-03-26T10:37:55","guid":{"rendered":"https:\/\/adrianroche.co.jp\/es\/about-us\/"},"modified":"2024-02-05T08:28:11","modified_gmt":"2024-02-05T08:28:11","slug":"sobre-nosotros","status":"publish","type":"page","link":"https:\/\/roche-net.com\/es\/sobre-nosotros\/","title":{"rendered":"Sobre nosotros"},"content":{"rendered":"<p>[vc_row full_width=&#8221;stretch_row&#8221; content_placement=&#8221;middle&#8221; parallax_content=&#8221;off&#8221; fadeout_row=&#8221;off&#8221; enable_overlay=&#8221;off&#8221; css=&#8221;.vc_custom_1617252469479{background-image: url(\/wp-content\/uploads\/2021\/04\/about-us-new3.jpg?id=25009) !important;}&#8221; el_id=&#8221;internal-header&#8221;][vc_column width=&#8221;1\/2&#8243; css=&#8221;.vc_custom_1478325765187{padding-top: 0px !important;}&#8221;]<h1 class=\"boc_heading no_text_transform hero_heading boc_animate_when_almost_visible boc_fade-in\"  style=\"margin-bottom: 30px;margin-top: 0px;color: #ffffff;\"><span>Sobre nosotros<\/span><\/h1><h2 class=\"boc_heading no_text_transform hero_heading_small boc_animate_when_almost_visible boc_fade-in\"  style=\"margin-bottom: 20px;margin-top: 0px;color: #ffffff;\"><span>Una agencia global de publicidad y marketing<\/span><\/h2>[\/vc_column][vc_column width=&#8221;1\/2&#8243;][\/vc_column][\/vc_row][vc_row full_width=&#8221;stretch_row_content&#8221; equal_height=&#8221;yes&#8221; content_placement=&#8221;middle&#8221; parallax=&#8221;content-moving-fade&#8221; el_class=&#8221;no_text_transform&#8221; css=&#8221;.vc_custom_1616068959304{padding-top: 0px !important;padding-bottom: 0px !important;}&#8221;][vc_column width=&#8221;1\/2&#8243; css=&#8221;.vc_custom_1616494214316{background-image: url(\/wp-content\/uploads\/2015\/03\/value.jpg?id=23847) !important;background-position: center !important;background-repeat: no-repeat !important;background-size: cover !important;}&#8221; offset=&#8221;vc_hidden-sm vc_hidden-xs&#8221;]<div class=\"boc_spacing \" style=\"height: 350px\"><\/div>[\/vc_column][vc_column width=&#8221;1\/2&#8243; css=&#8221;.vc_custom_1616561351532{background-color: #000000 !important;}&#8221; el_class=&#8221;black-bg&#8221;]<h3 class=\"boc_heading  \"  style=\"margin-bottom: 20px;margin-top: 0px;color: #ffffff;font-size: 26pt;\"><span>Nuestros valores<\/span><\/h3>[vc_column_text html_element=&#8221;p&#8221; color=&#8221;#ffffff&#8221;]<span style=\"color: #ffffff;\">En l\u00ednea con los principios que han impulsado a nuestro fundador a lo largo de sus a\u00f1os en la industria de la publicicidad, Adrian Roche se esfuerza por lograr una innovaci\u00f3n visionaria con los pies en la tierra, que genere resultados de ventas evidentes.<br \/>\nNunca comprometemos la calidad ni damos prioridad a los intereses financieros sobre las decisiones finales, dando el mejor servicio al cliente.<\/span>[\/vc_column_text][\/vc_column][\/vc_row][vc_row full_width=&#8221;stretch_row_content_no_spaces&#8221; equal_height=&#8221;yes&#8221; content_placement=&#8221;bottom&#8221; el_class=&#8221;no_text_transform flex-start&#8221; css=&#8221;.vc_custom_1643878410734{padding-top: 30px !important;padding-bottom: 30px !important;background-image: url(\/wp-content\/uploads\/2022\/02\/Adrian-Roche-new3.jpg?id=25491) !important;background-position: center !important;background-repeat: no-repeat !important;background-size: cover !important;}&#8221; el_id=&#8221;founder-bio&#8221;][vc_column width=&#8221;1\/2&#8243; css=&#8221;.vc_custom_1478074307418{padding-top: 64px !important;padding-right: 72px !important;padding-bottom: 60px !important;}&#8221; el_class=&#8221;founder-msg&#8221;][vc_column_text el_class=&#8221;top-35-m&#8221;]<em>\u201cCre\u00e9 la agencia en respuesta a la gran demanda de una estrategia profunda de calidad en la industria de la publicidad.\u201d<\/em><br \/>\n&#8211; Adrian Roche, CEO y fundador[\/vc_column_text]\t<div class=\"image_featured_text  img_small\">\r\n\t\t\t\t\t\t<img decoding=\"async\" width=\"95\" height=\"95\" src=\"https:\/\/roche-net.com\/wp-content\/uploads\/2015\/03\/focus.png\" class=\"attachment-full size-full\" alt=\"\" \/>\r\n\t\t\t\t\t\t<div class=\"text\">\r\n\t\t\t\t\t\t\t<span style=\"color: #fff;\"><strong>Estamos especializados<\/strong><\/span> en negocios de todo tipo, prestando la misma atenci\u00f3n y dedicaci\u00f3n a todos nuestros clientes.<\/div>\r\n\t\t\t\t\t\t\r\n\t\t\t\t\t<\/div> \r\n\t\t\t<script type=\"text\/javascript\">\r\n\t\t\t\tjQuery(document).ready(function($) {\t\t\t\t\r\n\t\t\t\t\tif(typeof side_img_last_row_set === \"undefined\") {\r\n\t\t\t\r\n\t\t\t\t\t\t\/\/ Add class \"last\" to left_img_box section to remove borders.\r\n\t\t\t\t\t\t$(\".section .row_img_featured_texts_border\").last().addClass( \"last\" );\r\n\t\t\t\t\t\tside_img_last_row_set = true;\r\n\t\t\t\t\t}\r\n\t\t\t\t});\t\t\t\r\n\t\t\t<\/script>\t<div class=\"image_featured_text  img_small\">\r\n\t\t\t\t\t\t<img decoding=\"async\" width=\"95\" height=\"95\" src=\"https:\/\/roche-net.com\/wp-content\/uploads\/2015\/03\/Services.png\" class=\"attachment-full size-full\" alt=\"\" \/>\r\n\t\t\t\t\t\t<div class=\"text\">\r\n\t\t\t\t\t\t\t<span style=\"color: #fff;\"><strong>Nuestros servicios<\/strong><\/span> hacen asequibles las prohibitivas estrategias reservadas para grandes compa\u00f1\u00edas. Nuestra agencia trabaja con partners y profesionales cuidadosamente seleccionados que desarrollan soluciones claras y tangibles con resultados visibles.<\/div>\r\n\t\t\t\t\t\t\r\n\t\t\t\t\t<\/div> \r\n\t\t\t<script type=\"text\/javascript\">\r\n\t\t\t\tjQuery(document).ready(function($) {\t\t\t\t\r\n\t\t\t\t\tif(typeof side_img_last_row_set === \"undefined\") {\r\n\t\t\t\r\n\t\t\t\t\t\t\/\/ Add class \"last\" to left_img_box section to remove borders.\r\n\t\t\t\t\t\t$(\".section .row_img_featured_texts_border\").last().addClass( \"last\" );\r\n\t\t\t\t\t\tside_img_last_row_set = true;\r\n\t\t\t\t\t}\r\n\t\t\t\t});\t\t\t\r\n\t\t\t<\/script>\t<div class=\"image_featured_text  img_small\">\r\n\t\t\t\t\t\t<img decoding=\"async\" width=\"95\" height=\"95\" src=\"https:\/\/roche-net.com\/wp-content\/uploads\/2015\/03\/Offer.png\" class=\"attachment-full size-full\" alt=\"\" \/>\r\n\t\t\t\t\t\t<div class=\"text\">\r\n\t\t\t\t\t\t\t<span style=\"color: #fff;\"><strong>Nuestra oferta<\/strong><\/span> se basa en un alto rendimiento con costes competitivos y ajustados.<\/div>\r\n\t\t\t\t\t\t\r\n\t\t\t\t\t<\/div> \r\n\t\t\t<script type=\"text\/javascript\">\r\n\t\t\t\tjQuery(document).ready(function($) {\t\t\t\t\r\n\t\t\t\t\tif(typeof side_img_last_row_set === \"undefined\") {\r\n\t\t\t\r\n\t\t\t\t\t\t\/\/ Add class \"last\" to left_img_box section to remove borders.\r\n\t\t\t\t\t\t$(\".section .row_img_featured_texts_border\").last().addClass( \"last\" );\r\n\t\t\t\t\t\tside_img_last_row_set = true;\r\n\t\t\t\t\t}\r\n\t\t\t\t});\t\t\t\r\n\t\t\t<\/script>\t<div class=\"image_featured_text  img_small\">\r\n\t\t\t\t\t\t<img loading=\"lazy\" decoding=\"async\" width=\"95\" height=\"95\" src=\"https:\/\/roche-net.com\/wp-content\/uploads\/2015\/03\/exp.png\" class=\"attachment-full size-full\" alt=\"\" \/>\r\n\t\t\t\t\t\t<div class=\"text\">\r\n\t\t\t\t\t\t\t<span style=\"color: #fff;\"><strong>Nuestra experiencia<\/strong><\/span> se apoya en la gran calidad del trabajo, adapt\u00e1ndose a los tiempos y dentro del presupuesto establecido.<\/div>\r\n\t\t\t\t\t\t\r\n\t\t\t\t\t<\/div> \r\n\t\t\t<script type=\"text\/javascript\">\r\n\t\t\t\tjQuery(document).ready(function($) {\t\t\t\t\r\n\t\t\t\t\tif(typeof side_img_last_row_set === \"undefined\") {\r\n\t\t\t\r\n\t\t\t\t\t\t\/\/ Add class \"last\" to left_img_box section to remove borders.\r\n\t\t\t\t\t\t$(\".section .row_img_featured_texts_border\").last().addClass( \"last\" );\r\n\t\t\t\t\t\tside_img_last_row_set = true;\r\n\t\t\t\t\t}\r\n\t\t\t\t});\t\t\t\r\n\t\t\t<\/script>[\/vc_column][vc_column width=&#8221;1\/2&#8243; css=&#8221;.vc_custom_1643878582805{padding-top: 0px !important;}&#8221;][vc_single_image alignment=&#8221;right&#8221; css_animation=&#8221;boc_animate_when_almost_visible boc_fade-in&#8221; image=&#8221;25501&#8243; css=&#8221;.vc_custom_1643878590945{margin-right: 0px !important;margin-bottom: 0px !important;padding-right: 0px !important;padding-bottom: 0px !important;}&#8221; el_class=&#8221;mobile-show&#8221;][\/vc_column][\/vc_row][vc_row full_width=&#8221;stretch_row&#8221; parallax_content=&#8221;parallax_content_value&#8221; parallax_content_sense=&#8221;80&#8243; fadeout_row=&#8221;off&#8221; enable_overlay=&#8221;off&#8221; css=&#8221;.vc_custom_1616561744899{padding-top: 20px !important;padding-bottom: 20px !important;}&#8221; el_class=&#8221;center&#8221; el_id=&#8221;company-info&#8221;][vc_column]<h3 class=\"boc_heading no_text_transform center  boc_animate_when_almost_visible boc_top-to-bottom\"  style=\"margin-bottom: 20px;margin-top: 5px;text-align: center;color: #000000;font-size: 26pt;\"><span>Perfil de la empresa<\/span><\/h3>[vc_column_text css_animation=&#8221;boc_animate_when_almost_visible boc_top-to-bottom&#8221;]Trabajamos en Jap\u00f3n, Asia, APAC, America del Norte, Europa y otros mercados internacionales seleccionados.<br \/>\n[\/vc_column_text][vc_column_text css_animation=&#8221;boc_animate_when_almost_visible boc_top-to-bottom&#8221;]<\/p>\n<ul class=\"company-info\">\n<li class=\"mobile-show\"><b>Adrian Roche Co., Ltd<\/b><\/li>\n<li style=\"border-right-style: solid; border-width: 1px;\"><b>Adrian Roche Co., Ltd<br \/>\n<\/b>JAP\u00d3N<\/li>\n<li style=\"border-right-style: solid; border-width: 1px;\"><b>Adrian Roche<br \/>\n<\/b>CEO\/Fundador<\/li>\n<li style=\"border-right-style: solid; border-width: 1px;\"><b>10 de octubre, 2012<br \/>\n<\/b>FECHA DE INCORPORACI\u00d3N<\/li>\n<li><b>Agencia de publicidad<br \/>\n<\/b>TIPO DE NEGOCIO<\/li>\n<\/ul>\n<p>[\/vc_column_text][vc_column_text css_animation=&#8221;boc_animate_when_almost_visible boc_top-to-bottom&#8221;]<\/p>\n<ul class=\"company-info\">\n<li class=\"mobile-show\"><b>Adrian Roche Pte Ltd<\/b><\/li>\n<li style=\"border-right-style: solid; border-width: 1px;\"><b>Adrian Roche Pte Ltd<br \/>\n<\/b>SINGAPUR<\/li>\n<li style=\"border-right-style: solid; border-width: 1px;\"><b>Adrian Roche<br \/>\n<\/b>CEO\/Fundador<\/li>\n<li style=\"border-right-style: solid; border-width: 1px;\"><b>29 de julio, 2015<br \/>\n<\/b>FECHA DE INCORPORACI\u00d3N<\/li>\n<li><b>Agencia de publicidad<br \/>\n<\/b>TIPO DE NEGOCIO<\/li>\n<\/ul>\n<p>[\/vc_column_text][vc_column_text css_animation=&#8221;boc_animate_when_almost_visible boc_top-to-bottom&#8221;]<\/p>\n<ul class=\"company-info\">\n<li class=\"mobile-show\"><b>Adrian Roche Corporation<\/b><\/li>\n<li style=\"border-right-style: solid; border-width: 1px;\"><b>Adrian Roche Corp<br \/>\n<\/b>ESTADOS UNIDOS<\/li>\n<li style=\"border-right-style: solid; border-width: 1px;\"><b>Adrian Roche<br \/>\n<\/b>CEO\/Fundador<\/li>\n<li style=\"border-right-style: solid; border-width: 1px;\"><b>20 de julio, 2020<br \/>\n<\/b>FECHA DE INCORPORACI\u00d3N<\/li>\n<li><b>Agencia de publicidad<br \/>\n<\/b>TIPO DE NEGOCIO<\/li>\n<\/ul>\n<p>[\/vc_column_text][vc_column_text css_animation=&#8221;boc_animate_when_almost_visible boc_top-to-bottom&#8221;]<\/p>\n<ul class=\"company-info\">\n<li class=\"mobile-show\"><b>Adrian Roche SL <\/b><\/li>\n<li style=\"border-right-style: solid; border-width: 1px;\"><b>Adrian Roche SL<br \/>\n<\/b>ESPA\u00d1A<\/li>\n<li style=\"border-right-style: solid; border-width: 1px;\"><b>Adrian Roche<br \/>\n<\/b>CEO\/Fundador<\/li>\n<li style=\"border-right-style: solid; border-width: 1px;\"><b>6 de septiembre, 2021<br \/>\n<\/b>FECHA DE INCORPORACI\u00d3N<\/li>\n<li><b>Agencia de publicidad<br \/>\n<\/b>TIPO DE NEGOCIO<\/li>\n<\/ul>\n<p>[\/vc_column_text][\/vc_column][\/vc_row]<\/p>\n","protected":false},"excerpt":{"rendered":"<p>[vc_row full_width=&#8221;stretch_row&#8221; content_placement=&#8221;middle&#8221; parallax_content=&#8221;off&#8221; fadeout_row=&#8221;off&#8221; enable_overlay=&#8221;off&#8221; css=&#8221;.vc_custom_1617252469479{background-image: url(\/wp-content\/uploads\/2021\/04\/about-us-new3.jpg?id=25009) !important;}&#8221; el_id=&#8221;internal-header&#8221;][vc_column width=&#8221;1\/2&#8243; css=&#8221;.vc_custom_1478325765187{padding-top:<\/p>\n<div class=\"h10\"><\/div>\n<p><a class=\"more-link2 flat\" href=\"https:\/\/roche-net.com\/es\/sobre-nosotros\/\">Read more<\/a><\/p>\n","protected":false},"author":1,"featured_media":0,"parent":0,"menu_order":0,"comment_status":"open","ping_status":"closed","template":"","meta":{"footnotes":""},"class_list":["post-25191","page","type-page","status-publish","hentry"],"_links":{"self":[{"href":"https:\/\/roche-net.com\/es\/wp-json\/wp\/v2\/pages\/25191","targetHints":{"allow":["GET"]}}],"collection":[{"href":"https:\/\/roche-net.com\/es\/wp-json\/wp\/v2\/pages"}],"about":[{"href":"https:\/\/roche-net.com\/es\/wp-json\/wp\/v2\/types\/page"}],"author":[{"embeddable":true,"href":"https:\/\/roche-net.com\/es\/wp-json\/wp\/v2\/users\/1"}],"replies":[{"embeddable":true,"href":"https:\/\/roche-net.com\/es\/wp-json\/wp\/v2\/comments?post=25191"}],"version-history":[{"count":7,"href":"https:\/\/roche-net.com\/es\/wp-json\/wp\/v2\/pages\/25191\/revisions"}],"predecessor-version":[{"id":25655,"href":"https:\/\/roche-net.com\/es\/wp-json\/wp\/v2\/pages\/25191\/revisions\/25655"}],"wp:attachment":[{"href":"https:\/\/roche-net.com\/es\/wp-json\/wp\/v2\/media?parent=25191"}],"curies":[{"name":"wp","href":"https:\/\/api.w.org\/{rel}","templated":true}]}}