{"id":25188,"date":"2015-04-06T13:23:51","date_gmt":"2015-04-06T13:23:51","guid":{"rendered":"https:\/\/adrianroche.co.jp\/es\/home-full-slider-3\/"},"modified":"2025-03-22T00:51:56","modified_gmt":"2025-03-22T00:51:56","slug":"home-full-slider-3","status":"publish","type":"page","link":"https:\/\/roche-net.com\/es\/","title":{"rendered":"Adrian Roche Co., Ltd"},"content":{"rendered":"<p>[vc_row full_width=&#8221;stretch_row_content_no_spaces&#8221; equal_height=&#8221;yes&#8221; css=&#8221;.vc_custom_1597643663668{padding-top: 100px !important;padding-bottom: 30px !important;}&#8221; el_id=&#8221;homepage-slider&#8221;][vc_column css=&#8221;.vc_custom_1477806726208{margin-bottom: 0px !important;padding-bottom: 0px !important;}&#8221;][vc_raw_js]JTNDJTIxLS0lM0NzY3JpcHQlMjB0eXBlJTNEJTIydGV4dCUyRmphdmFzY3JpcHQlMjIlM0UlMEFqUXVlcnklMjh3aW5kb3clMjkubG9hZCUyOGZ1bmN0aW9uJTI4JTI5JTIwJTdCJTBBJTIwJTIwdmFyJTIwY2RvbWFpbiUyMCUzRCUyMGRvY3VtZW50LmRvbWFpbiUzQiUwQWlmJTI4Y2RvbWFpbiUyMCUzRCUzRCUyMCUyMmFkcmlhbnJvY2hlLmJpeiUyMiUyMCU3QyU3QyUyMGNkb21haW4lMjAlM0QlM0QlMjAlMjJhZHJpYW5yb2NoZS5uZXQlMjIlMjklN0IlMEFqUXVlcnklMjglMjcuaGVyby10ZXh0JTIwc3BhbiUyNyUyOS5odG1sJTI4JTI3QSUyMERBVEElMjBEUklWRU4lM0NiciUyMGNsYXNzJTNEJTIyJTIyJTIwJTJGJTNFQUQlMjBBTkQlMjBNQVJLRVRJTkclM0NiciUyMGNsYXNzJTNEJTIyJTIyJTIwJTJGJTNFQUdFTkNZJTI3JTI5JTNCJTBBJTdEZWxzZSU3QiUwQWpRdWVyeSUyOCUyNy5oZXJvLXRleHQlMjBzcGFuJTI3JTI5Lmh0bWwlMjglMjdBJTIwREFUQSUyMERSSVZFTiUzQ2JyJTIwY2xhc3MlM0QlMjIlMjIlMjAlMkYlM0VBRCUyMEFORCUyME1BUktFVElORyUzQ2JyJTIwY2xhc3MlM0QlMjIlMjIlMjAlMkYlM0VBR0VOQ1klMjclMjklM0IlMEElN0QlMjAlMjAlMEElN0QlMjklM0IlMEElM0MlMkZzY3JpcHQlM0UtLSUzRQ==[\/vc_raw_js][vc_row_inner el_class=&#8221;top-desc&#8221; el_id=&#8221;top-slider-headline&#8221;][vc_column_inner]<h2 class=\"boc_heading hero-text \"  style=\"margin-bottom: 40px;margin-top: 20px;color: #ffffff;font-size: 42px;\"><span>Una Agencia de <br class=\"\" \/>Publicidad y Marketing <br class=\"\" \/>Impulsada por el <br class=\"\" \/>An\u00e1lisis de Datos<\/span><\/h2><h4 class=\"boc_heading branches \"  style=\"margin-bottom: 20px;margin-top: 0px;color: #ffffff;\"><span>TOKIO | SINGAPUR | ATLANTA | BARCELONA<\/span><\/h4><div class=\"boc_divider_holder\"><div class=\"boc_divider  \"  style=\"margin-top: 50px;margin-bottom: 30px;width: 60%;height: 1px;background: #ffffff;\"><\/div><\/div><h3 class=\"boc_heading mobile-none \"  style=\"margin-bottom: 20px;margin-top: 0px;color: #ffffff;\"><span>Entendemos c\u00f3mo funcionan los datos para desarrollar estrategias que consiguen resultados tangibles.<\/span><\/h3><h3 class=\"boc_heading mobile-show \"  style=\"margin-bottom: 20px;margin-top: 0px;color: #ffffff;\"><span>Entendemos c\u00f3mo funcionan los datos para desarrollar estrategias que consiguen resultados tangibles.<br class=\"\" \/><a href=\"\/es\/ciencia-aplicada\/\">Saber m\u00e1s &gt;&gt;<\/a><\/span><\/h3><h4 class=\"boc_heading mobile-none \"  style=\"margin-bottom: 20px;margin-top: 0px;color: #ffffff;\"><span>Ciencia aplicada a la estrategia de marketing <br class=\"\" \/><a href=\"\/es\/ciencia-aplicada\/\">Saber m\u00e1s &gt;&gt;<\/a><\/span><\/h4>[\/vc_column_inner][\/vc_row_inner][\/vc_column][\/vc_row][vc_row full_width=&#8221;stretch_row&#8221; equal_height=&#8221;yes&#8221; content_placement=&#8221;top&#8221; css=&#8221;.vc_custom_1691708495485{margin-top: -50px !important;margin-bottom: 30px !important;padding-top: 10px !important;}&#8221; el_class=&#8221;vc_custom_1577607927054&#8243;][vc_column width=&#8221;1\/4&#8243; el_class=&#8221;hover_box_up&#8221;]\r\n\t\t\t\t<a href=\"\/es\/marketing-and-advertising#multi-channel\"  title=\"\" class=\"pic_info_link_type13\">\r\n\t\t\t\t  <div class=\"boc_image_box portfolio_animator_class  \">\r\n\t\t\t\t\t<div class=\"pic_info type13\">\r\n\t\t\t\t\t\t<div class=\"pic \"><div class=\"plus_overlay\"><\/div><div class=\"plus_overlay_icon\"><\/div>\r\n\t\t\t\t\t\t<img fetchpriority=\"high\" decoding=\"async\" width=\"350\" height=\"350\" src=\"https:\/\/roche-net.com\/wp-content\/uploads\/2015\/04\/service-icon1.png\" class=\"attachment-boc_medium size-boc_medium\" alt=\"\" srcset=\"https:\/\/roche-net.com\/wp-content\/uploads\/2015\/04\/service-icon1.png 350w, https:\/\/roche-net.com\/wp-content\/uploads\/2015\/04\/service-icon1-150x150.png 150w, https:\/\/roche-net.com\/wp-content\/uploads\/2015\/04\/service-icon1-300x300.png 300w\" sizes=\"(max-width: 350px) 100vw, 350px\" \/>\r\n\t\t\t\t\t\t<div class=\"img_overlay_icon\"><span class=\"portfolio_icon icon_link\"><\/span><\/div><\/div>\r\n\t\t\t\t\t\t<div class=\"info_overlay\">\r\n\t\t\t\t\t\t\t<div class=\"info_overlay_padding\">\r\n\t\t\t\t\t\t\t\t<div class=\"info_desc\">\r\n\t\t\t\t\t\t\t\t\t<span class=\"portfolio_icon icon_link\"><\/span>\t\t\t\t\r\n\t\t\t\t\t\t\t\t\t<h3>Marketing multicanal<\/h3>\r\n\t\t\t\t\t\t\t\t\t<p>Ayudamos a todo tipo de negocios a conseguir sus objetivos mediante una estrategia multimedia, a la vez que conseguimos resultados analizables basados en el rendimiento.<\/p>\r\n\t\t\t\t\t\t\t\t<\/div>\r\n\t\t\t\t\t\t\t<\/div>\r\n\t\t\t\t\t\t<\/div>\r\n\t\t\t\t\t<\/div>\r\n\t\t\t\t  <\/div>\r\n\t\t\t\t<\/a>\r\n\t\t\t[\/vc_column][vc_column width=&#8221;1\/4&#8243; el_class=&#8221;hover_box_up&#8221;]\r\n\t\t\t\t<a href=\"\/es\/marketing-and-advertising#social\"  title=\"\" class=\"pic_info_link_type13\">\r\n\t\t\t\t  <div class=\"boc_image_box portfolio_animator_class  \">\r\n\t\t\t\t\t<div class=\"pic_info type13\">\r\n\t\t\t\t\t\t<div class=\"pic \"><div class=\"plus_overlay\"><\/div><div class=\"plus_overlay_icon\"><\/div>\r\n\t\t\t\t\t\t<img decoding=\"async\" width=\"350\" height=\"350\" src=\"https:\/\/roche-net.com\/wp-content\/uploads\/2015\/04\/service-icon2.png\" class=\"attachment-boc_medium size-boc_medium\" alt=\"\" srcset=\"https:\/\/roche-net.com\/wp-content\/uploads\/2015\/04\/service-icon2.png 350w, https:\/\/roche-net.com\/wp-content\/uploads\/2015\/04\/service-icon2-150x150.png 150w, https:\/\/roche-net.com\/wp-content\/uploads\/2015\/04\/service-icon2-300x300.png 300w\" sizes=\"(max-width: 350px) 100vw, 350px\" \/>\r\n\t\t\t\t\t\t<div class=\"img_overlay_icon\"><span class=\"portfolio_icon icon_link\"><\/span><\/div><\/div>\r\n\t\t\t\t\t\t<div class=\"info_overlay\">\r\n\t\t\t\t\t\t\t<div class=\"info_overlay_padding\">\r\n\t\t\t\t\t\t\t\t<div class=\"info_desc\">\r\n\t\t\t\t\t\t\t\t\t<span class=\"portfolio_icon icon_link\"><\/span>\t\t\t\t\r\n\t\t\t\t\t\t\t\t\t<h3>Marketing y creaci\u00f3n de contenido<\/h3>\r\n\t\t\t\t\t\t\t\t\t<p>Ayudamos a nuestros clientes a descubrir, desarrollar e implicarse con su audiencia de manera efectiva, a trav\u00e9s de sus redes sociales con campa\u00f1as org\u00e1nicas y paid.<\/p>\r\n\t\t\t\t\t\t\t\t<\/div>\r\n\t\t\t\t\t\t\t<\/div>\r\n\t\t\t\t\t\t<\/div>\r\n\t\t\t\t\t<\/div>\r\n\t\t\t\t  <\/div>\r\n\t\t\t\t<\/a>\r\n\t\t\t[\/vc_column][vc_column width=&#8221;1\/4&#8243; el_class=&#8221;hover_box_up&#8221;]\r\n\t\t\t\t<a href=\"\/es\/marketing-and-advertising#discovery\"  title=\"\" class=\"pic_info_link_type13\">\r\n\t\t\t\t  <div class=\"boc_image_box portfolio_animator_class  \">\r\n\t\t\t\t\t<div class=\"pic_info type13\">\r\n\t\t\t\t\t\t<div class=\"pic \"><div class=\"plus_overlay\"><\/div><div class=\"plus_overlay_icon\"><\/div>\r\n\t\t\t\t\t\t<img decoding=\"async\" width=\"350\" height=\"350\" src=\"https:\/\/roche-net.com\/wp-content\/uploads\/2015\/04\/service-icon3.png\" class=\"attachment-boc_medium size-boc_medium\" alt=\"\" srcset=\"https:\/\/roche-net.com\/wp-content\/uploads\/2015\/04\/service-icon3.png 350w, https:\/\/roche-net.com\/wp-content\/uploads\/2015\/04\/service-icon3-150x150.png 150w, https:\/\/roche-net.com\/wp-content\/uploads\/2015\/04\/service-icon3-300x300.png 300w\" sizes=\"(max-width: 350px) 100vw, 350px\" \/>\r\n\t\t\t\t\t\t<div class=\"img_overlay_icon\"><span class=\"portfolio_icon icon_link\"><\/span><\/div><\/div>\r\n\t\t\t\t\t\t<div class=\"info_overlay\">\r\n\t\t\t\t\t\t\t<div class=\"info_overlay_padding\">\r\n\t\t\t\t\t\t\t\t<div class=\"info_desc\">\r\n\t\t\t\t\t\t\t\t\t<span class=\"portfolio_icon icon_link\"><\/span>\t\t\t\t\r\n\t\t\t\t\t\t\t\t\t<h3>Investigaci\u00f3n y auditor\u00eda<\/h3>\r\n\t\t\t\t\t\t\t\t\t<p>Invertimos el tiempo necesario en analizar lo que necesita un negocio antes de enviar una propuesta o desarollar una estrategia.<\/p>\r\n\t\t\t\t\t\t\t\t<\/div>\r\n\t\t\t\t\t\t\t<\/div>\r\n\t\t\t\t\t\t<\/div>\r\n\t\t\t\t\t<\/div>\r\n\t\t\t\t  <\/div>\r\n\t\t\t\t<\/a>\r\n\t\t\t[\/vc_column][vc_column width=&#8221;1\/4&#8243; el_class=&#8221;hover_box_up&#8221;]\r\n\t\t\t\t<a href=\"\/es\/marketing-and-advertising#technology\"  title=\"\" class=\"pic_info_link_type13\">\r\n\t\t\t\t  <div class=\"boc_image_box portfolio_animator_class  \">\r\n\t\t\t\t\t<div class=\"pic_info type13\">\r\n\t\t\t\t\t\t<div class=\"pic \"><div class=\"plus_overlay\"><\/div><div class=\"plus_overlay_icon\"><\/div>\r\n\t\t\t\t\t\t<img loading=\"lazy\" decoding=\"async\" width=\"350\" height=\"350\" src=\"https:\/\/roche-net.com\/wp-content\/uploads\/2015\/04\/service-icon4.png\" class=\"attachment-boc_medium size-boc_medium\" alt=\"\" srcset=\"https:\/\/roche-net.com\/wp-content\/uploads\/2015\/04\/service-icon4.png 350w, https:\/\/roche-net.com\/wp-content\/uploads\/2015\/04\/service-icon4-150x150.png 150w, https:\/\/roche-net.com\/wp-content\/uploads\/2015\/04\/service-icon4-300x300.png 300w\" sizes=\"(max-width: 350px) 100vw, 350px\" \/>\r\n\t\t\t\t\t\t<div class=\"img_overlay_icon\"><span class=\"portfolio_icon icon_link\"><\/span><\/div><\/div>\r\n\t\t\t\t\t\t<div class=\"info_overlay\">\r\n\t\t\t\t\t\t\t<div class=\"info_overlay_padding\">\r\n\t\t\t\t\t\t\t\t<div class=\"info_desc\">\r\n\t\t\t\t\t\t\t\t\t<span class=\"portfolio_icon icon_link\"><\/span>\t\t\t\t\r\n\t\t\t\t\t\t\t\t\t<h3>Tecnolog\u00eda<\/h3>\r\n\t\t\t\t\t\t\t\t\t<p>Consultamos con nuestros clientes sobre sus necesidades tecnol\u00f3gicas y ofrecemos soluciones para crear el mejor y mayor rendimiento de su negocio.<\/p>\r\n\t\t\t\t\t\t\t\t<\/div>\r\n\t\t\t\t\t\t\t<\/div>\r\n\t\t\t\t\t\t<\/div>\r\n\t\t\t\t\t<\/div>\r\n\t\t\t\t  <\/div>\r\n\t\t\t\t<\/a>\r\n\t\t\t[\/vc_column][\/vc_row][vc_row full_width=&#8221;stretch_row&#8221; equal_height=&#8221;yes&#8221; content_placement=&#8221;top&#8221; bg_type=&#8221;bg_color&#8221; bg_override=&#8221;full&#8221; css=&#8221;.vc_custom_1691708719976{margin-bottom: 30px !important;padding-top: 40px !important;padding-bottom: 50px !important;}&#8221; bg_color_value=&#8221;#f6f6f6&#8243; el_class=&#8221;textbox-1&#8243;][vc_column][vc_column_text]<\/p>\n<h3 style=\"text-align: center; font-size: 26px; font-weight: 400; margin-top: 30px;\"><span style=\"font-weight: bold;\">Excelencia Optimizada<\/span><br \/>\nExperiencia Centrada en el Cliente para Resultados \u00d3ptimos<\/h3>\n<p style=\"text-align: center;\">La experiencia centrada en el cliente de Adrian Roche elimina la necesidad de conjeturas y ensayo y error. Nos mantenemos constantemente actualizados con las preferencias del cliente al adaptarnos, aprender y optimizar r\u00e1pidamente. Adem\u00e1s, nuestro equipo se destaca como expertos en omnicanalidad, garantizando un rendimiento excepcional de manera constante.<\/p>\n<p>[\/vc_column_text][\/vc_column][\/vc_row][vc_row full_width=&#8221;stretch_row&#8221; equal_height=&#8221;yes&#8221; content_placement=&#8221;top&#8221; css=&#8221;.vc_custom_1691709085165{padding-top: 20px !important;padding-bottom: 20px !important;}&#8221; el_class=&#8221;textbox-2&#8243;][vc_column][vc_column_text]<\/p>\n<h3 style=\"text-align: center; font-size: 26px; font-weight: 400; margin-top: 30px;\"><span style=\"font-weight: bold;\">M\u00e1s all\u00e1 de los Anuncios<\/span><br \/>\nUna Agencia de Pensadores Pr\u00e1cticos<\/h3>\n<p style=\"text-align: center;\">En nuestra agencia, trascendemos las simples tareas de publicidad. El pensamiento estrat\u00e9gico es el n\u00facleo de nuestro enfoque, considerando meticulosamente todos los aspectos y requisitos cruciales para garantizar una ejecuci\u00f3n sin problemas. Con un compromiso dedicado para lograr resultados, nuestro impacto se siente tanto a nivel local como global, atendiendo a todos los mercados en los que operamos.<\/p>\n<p>[\/vc_column_text][\/vc_column][\/vc_row][vc_row full_width=&#8221;stretch_row_content_no_spaces&#8221; equal_height=&#8221;yes&#8221; content_placement=&#8221;top&#8221; bg_type=&#8221;image&#8221; bg_image_new=&#8221;25266&#8243; bg_image_repeat=&#8221;no-repeat&#8221; bg_image_posiiton=&#8221;100%&#8221; el_class=&#8221;vc_custom_1577607927054&#8243; el_id=&#8221;market-entry-top&#8221; css=&#8221;.vc_custom_1691709068932{margin-bottom: 0px !important;}&#8221;][vc_column css=&#8221;.vc_custom_1636788020402{margin-bottom: 20px !important;}&#8221;][vc_row_inner el_id=&#8221;top-slider-headline&#8221;][vc_column_inner]<h3 class=\"boc_heading  \"  style=\"margin-bottom: 20px;margin-top: 20px;color: #ffffff;\"><span>Entrada al mercado transfronterizo<\/span><\/h3><h4 class=\"boc_heading  \"  style=\"margin-bottom: 20px;margin-top: 0px;color: #ffffff;\"><span>Adrian Roche facilita la entrada a Asia, Europa, Reino Unido y Estados Unidos.<\/span><\/h4><a\thref=\"\/es\/market-entry\" \n\t\t\tclass=\"button btn_medium btn_white btn_squared btn_outline    \"  target='_self'><span>Saber m\u00e1s<\/span><\/a>[\/vc_column_inner][\/vc_row_inner][\/vc_column][\/vc_row][vc_row full_width=&#8221;stretch_row_content_no_spaces&#8221; equal_height=&#8221;yes&#8221; content_placement=&#8221;bottom&#8221;][vc_column width=&#8221;1\/2&#8243; css=&#8221;.vc_custom_1616721160422{background-image: url(\/wp-content\/uploads\/2021\/03\/mountain-bg.jpg?id=24935) !important;background-position: center !important;background-repeat: no-repeat !important;background-size: cover !important;}&#8221;]<div class=\"boc_spacing \" style=\"height: 200px\"><\/div>[vc_column_text el_class=&#8221;client-disclosed-heading white-text&#8221;]<span class=\"black-title\">Un compromiso con la confidencialidad<\/span><\/p>\n<p><span style=\"color: #ffffff;\">No creemos en el uso de nuestros clientes y sus marcas para promocionar nuestra agencia. Tampoco estamos interesados en ganar premios de la industria gracias a las campa\u00f1as que generamos para nuestros clientes.<\/span><\/p>\n<p><span style=\"color: #ffffff;\">En Adrian Roche, la satisfacci\u00f3n del cliente es el mejor premio que podemos recibir. Con ese fin, manejamos la informaci\u00f3n privada de manera confidencial y profesional.<\/span>[\/vc_column_text][\/vc_column][vc_column width=&#8221;1\/2&#8243; offset=&#8221;vc_hidden-xs&#8221;][vc_row_inner css=&#8221;.vc_custom_1577507893915{background-position: center !important;background-repeat: no-repeat !important;background-size: cover !important;}&#8221;][vc_column_inner css=&#8221;.vc_custom_1577610620767{background-image: url(\/wp-content\/uploads\/2015\/04\/client-disclosed2.jpg?id=24527) !important;background-position: center !important;background-repeat: no-repeat !important;background-size: cover !important;}&#8221; offset=&#8221;vc_hidden-xs&#8221;]<div class=\"boc_spacing \" style=\"height: 300px\"><\/div>[\/vc_column_inner][\/vc_row_inner][vc_row_inner][vc_column_inner width=&#8221;1\/2&#8243; css=&#8221;.vc_custom_1577610626720{background-image: url(\/wp-content\/uploads\/2015\/04\/client-disclosed3.jpg?id=24528) !important;background-position: center !important;background-repeat: no-repeat !important;background-size: cover !important;}&#8221; offset=&#8221;vc_hidden-xs&#8221;]<div class=\"boc_spacing \" style=\"height: 300px\"><\/div>[\/vc_column_inner][vc_column_inner width=&#8221;1\/2&#8243; css=&#8221;.vc_custom_1577678654751{background-image: url(\/wp-content\/uploads\/2015\/04\/client-disclosed4.jpg?id=24529) !important;background-position: center !important;background-repeat: no-repeat !important;background-size: cover !important;}&#8221; offset=&#8221;vc_hidden-xs&#8221;]<div class=\"boc_spacing \" style=\"height: 300px\"><\/div>[\/vc_column_inner][\/vc_row_inner][\/vc_column][\/vc_row][vc_row full_width=&#8221;stretch_row&#8221; bg_type=&#8221;bg_color&#8221; css=&#8221;.vc_custom_1640180760006{background-color: #f6f6f6 !important;}&#8221; bg_color_value=&#8221;#f6f6f6&#8243;][vc_column]<h2 class=\"boc_heading  center  \"  style=\"margin-bottom: 30px;margin-top: 20px;text-align: center;color: #333333;\"><span>BLOG<\/span><\/h2><div id = \"post_grid_6a06e43c8a6f3588b630b1e8395847c3\" class=\"grid_holder \"><div class=\"col span_1_of_3 info_item isotope_element\">\r\n\t\t\t\t\t\t\t<div class=\"post_item_block  boxed\"><div class=\"pic \"><a href=\"https:\/\/roche-net.com\/es\/tendencia-fintech-en-asia-pacifico-compra-ahora-paga-despues\/\"><img decoding=\"async\" src=\"https:\/\/roche-net.com\/wp-content\/uploads\/2022\/03\/BNPL\u3000\uff49\uff4d\uff41\uff47\uff45\uff12-600x380.jpg\"\/><div class=\"img_overlay\"><span class=\"hover_icon icon_plus\"><\/span><\/div><\/a><\/div><div class=\"post_item_desc dark_links\"><h4><a href=\"https:\/\/roche-net.com\/es\/tendencia-fintech-en-asia-pacifico-compra-ahora-paga-despues\/\">Tendencia Fintech En Asia-Pac\u00edfico: Compra Ahora, Paga Despu\u00e9s<\/a><\/h4><a href=\"https:\/\/roche-net.com\/es\/tendencia-fintech-en-asia-pacifico-compra-ahora-paga-despues\/\" class='more-link1'>Saber m\u00e1s<\/a><\/p>\t\t<\/div>\r\n\t\t\t\t<\/div>\r\n\t\t\t\t<\/div><div class=\"col span_1_of_3 info_item isotope_element\">\r\n\t\t\t\t\t\t\t<div class=\"post_item_block  boxed\"><div class=\"pic \"><a href=\"https:\/\/roche-net.com\/es\/shein-la-moda-ultra-rapida-enamora-el-corazon-de-la-generacion-z-parte-2\/\"><img decoding=\"async\" src=\"https:\/\/roche-net.com\/wp-content\/uploads\/2022\/02\/becca-mchaffie-Fzde_6ITjkw-unsplash-600x380.jpg\"\/><div class=\"img_overlay\"><span class=\"hover_icon icon_plus\"><\/span><\/div><\/a><\/div><div class=\"post_item_desc dark_links\"><h4><a href=\"https:\/\/roche-net.com\/es\/shein-la-moda-ultra-rapida-enamora-el-corazon-de-la-generacion-z-parte-2\/\">SHEIN: La Moda \u201cUltra R\u00e1pida&#8221; Enamora El Coraz\u00f3n De La Generaci\u00f3n Z &#8211; Parte 2<\/a><\/h4><a href=\"https:\/\/roche-net.com\/es\/shein-la-moda-ultra-rapida-enamora-el-corazon-de-la-generacion-z-parte-2\/\" class='more-link1'>Saber m\u00e1s<\/a><\/p>\t\t<\/div>\r\n\t\t\t\t<\/div>\r\n\t\t\t\t<\/div><div class=\"col span_1_of_3 info_item isotope_element\">\r\n\t\t\t\t\t\t\t<div class=\"post_item_block  boxed\"><div class=\"pic \"><a href=\"https:\/\/roche-net.com\/es\/shein-la-moda-ultra-rapida-enamora-el-corazon-de-la-generacion-z-parte-1\/\"><img decoding=\"async\" src=\"https:\/\/roche-net.com\/wp-content\/uploads\/2022\/01\/1200X688-1-600x380.jpg\"\/><div class=\"img_overlay\"><span class=\"hover_icon icon_plus\"><\/span><\/div><\/a><\/div><div class=\"post_item_desc dark_links\"><h4><a href=\"https:\/\/roche-net.com\/es\/shein-la-moda-ultra-rapida-enamora-el-corazon-de-la-generacion-z-parte-1\/\">SHEIN: La Moda \u201cUltra R\u00e1pida&#8221; Enamora El Coraz\u00f3n De La Generaci\u00f3n Z &#8211; Parte 1<\/a><\/h4><a href=\"https:\/\/roche-net.com\/es\/shein-la-moda-ultra-rapida-enamora-el-corazon-de-la-generacion-z-parte-1\/\" class='more-link1'>Saber m\u00e1s<\/a><\/p>\t\t<\/div>\r\n\t\t\t\t<\/div>\r\n\t\t\t\t<\/div><div class=\"col span_1_of_3 info_item isotope_element\">\r\n\t\t\t\t\t\t\t<div class=\"post_item_block  boxed\"><div class=\"pic \"><a href=\"https:\/\/roche-net.com\/es\/nuevo-campo-de-batalla-para-la-banca-electronica-en-hong-kong\/\"><img decoding=\"async\" src=\"https:\/\/roche-net.com\/wp-content\/uploads\/2021\/12\/iphone-g199508348_1920-600x380.jpg\"\/><div class=\"img_overlay\"><span class=\"hover_icon icon_plus\"><\/span><\/div><\/a><\/div><div class=\"post_item_desc dark_links\"><h4><a href=\"https:\/\/roche-net.com\/es\/nuevo-campo-de-batalla-para-la-banca-electronica-en-hong-kong\/\">Nuevo Campo De Batalla Para La Banca Electr\u00f3nica En Hong Kong<\/a><\/h4><a href=\"https:\/\/roche-net.com\/es\/nuevo-campo-de-batalla-para-la-banca-electronica-en-hong-kong\/\" class='more-link1'>Saber m\u00e1s<\/a><\/p>\t\t<\/div>\r\n\t\t\t\t<\/div>\r\n\t\t\t\t<\/div>\r\n\t\t\t<\/div>\r\n\t\t\t<div class=\"h10 clear\"><\/div>[\/vc_column][\/vc_row]<\/p>\n","protected":false},"excerpt":{"rendered":"<p>[vc_row full_width=&#8221;stretch_row_content_no_spaces&#8221; equal_height=&#8221;yes&#8221; css=&#8221;.vc_custom_1597643663668{padding-top: 100px !important;padding-bottom: 30px !important;}&#8221; el_id=&#8221;homepage-slider&#8221;][vc_column css=&#8221;.vc_custom_1477806726208{margin-bottom: 0px !important;padding-bottom:<\/p>\n<div class=\"h10\"><\/div>\n<p><a class=\"more-link2 flat\" href=\"https:\/\/roche-net.com\/es\/nuevo-campo-de-batalla-para-la-banca-electronica-en-hong-kong\/\">Read more<\/a><\/p>\n","protected":false},"author":1,"featured_media":0,"parent":0,"menu_order":0,"comment_status":"open","ping_status":"closed","template":"","meta":{"footnotes":""},"class_list":["post-25188","page","type-page","status-publish","hentry"],"_links":{"self":[{"href":"https:\/\/roche-net.com\/es\/wp-json\/wp\/v2\/pages\/25188","targetHints":{"allow":["GET"]}}],"collection":[{"href":"https:\/\/roche-net.com\/es\/wp-json\/wp\/v2\/pages"}],"about":[{"href":"https:\/\/roche-net.com\/es\/wp-json\/wp\/v2\/types\/page"}],"author":[{"embeddable":true,"href":"https:\/\/roche-net.com\/es\/wp-json\/wp\/v2\/users\/1"}],"replies":[{"embeddable":true,"href":"https:\/\/roche-net.com\/es\/wp-json\/wp\/v2\/comments?post=25188"}],"version-history":[{"count":32,"href":"https:\/\/roche-net.com\/es\/wp-json\/wp\/v2\/pages\/25188\/revisions"}],"predecessor-version":[{"id":26206,"href":"https:\/\/roche-net.com\/es\/wp-json\/wp\/v2\/pages\/25188\/revisions\/26206"}],"wp:attachment":[{"href":"https:\/\/roche-net.com\/es\/wp-json\/wp\/v2\/media?parent=25188"}],"curies":[{"name":"wp","href":"https:\/\/api.w.org\/{rel}","templated":true}]}}